{"id":524,"date":"2026-03-03T12:30:28","date_gmt":"2026-03-03T12:30:28","guid":{"rendered":"http:\/\/fluidengineering.cz\/?page_id=524"},"modified":"2026-03-03T12:36:30","modified_gmt":"2026-03-03T12:36:30","slug":"kariera","status":"publish","type":"page","link":"https:\/\/fluidengineering.cz\/en\/kariera\/","title":{"rendered":"kariera"},"content":{"rendered":"<div data-elementor-type=\"wp-page\" data-elementor-id=\"524\" class=\"elementor elementor-524\" data-elementor-post-type=\"page\">\n\t\t\t\t<div class=\"elementor-element elementor-element-120966b e-con-full e-flex e-con e-parent\" data-id=\"120966b\" data-element_type=\"container\" data-e-type=\"container\" data-settings=\"{&quot;background_background&quot;:&quot;classic&quot;}\">\n\t\t<div class=\"elementor-element elementor-element-6a1b68d e-con-full e-flex e-con e-child\" data-id=\"6a1b68d\" data-element_type=\"container\" data-e-type=\"container\">\n\t\t<div class=\"elementor-element elementor-element-6b86463 e-con-full e-flex e-con e-child\" data-id=\"6b86463\" data-element_type=\"container\" data-e-type=\"container\">\n\t\t\t\t<div class=\"elementor-element elementor-element-54ffada elementor-widget__width-initial elementor-widget elementor-widget-heading\" data-id=\"54ffada\" data-element_type=\"widget\" data-e-type=\"widget\" data-widget_type=\"heading.default\">\n\t\t\t\t\t<h1 class=\"elementor-heading-title elementor-size-default\">Career<\/h1>\t\t\t\t<\/div>\n\t\t\t\t<div class=\"elementor-element elementor-element-9185a94 elementor-widget elementor-widget-text-editor\" data-id=\"9185a94\" data-element_type=\"widget\" data-e-type=\"widget\" data-widget_type=\"text-editor.default\">\n\t\t\t\t\t\t\t\t\t<p>We work on projects where accuracy of calculations, technical thinking, and accountability for results are decisive. We design, optimize, and implement systems for the transport, measurement, and control of fluids in industry and energy. We are looking for people who want to grow and have the ambition to create high-level engineering.<\/p>\t\t\t\t\t\t\t\t<\/div>\n\t\t\t\t<\/div>\n\t\t\t\t<\/div>\n\t\t\t\t<\/div>\n\t\t<div class=\"elementor-element elementor-element-518576f e-con-full e-flex e-con e-parent\" data-id=\"518576f\" data-element_type=\"container\" data-e-type=\"container\">\n\t\t\t\t<div class=\"elementor-element elementor-element-a85b5a9 elementor-widget elementor-widget-heading\" data-id=\"a85b5a9\" data-element_type=\"widget\" data-e-type=\"widget\" data-widget_type=\"heading.default\">\n\t\t\t\t\t<h3 class=\"elementor-heading-title elementor-size-default\">Job openings<\/h3>\t\t\t\t<\/div>\n\t\t<div class=\"elementor-element elementor-element-957a7d6 e-con-full e-flex e-con e-child\" data-id=\"957a7d6\" data-element_type=\"container\" data-e-type=\"container\">\n\t\t<div class=\"elementor-element elementor-element-89a670c e-grid e-con-full e-con e-child\" data-id=\"89a670c\" data-element_type=\"container\" data-e-type=\"container\">\n\t\t<div class=\"elementor-element elementor-element-11469b5 e-con-full e-flex e-con e-child\" data-id=\"11469b5\" data-element_type=\"container\" data-e-type=\"container\">\n\t\t\t\t<div class=\"elementor-element elementor-element-f152555 elementor-widget__width-auto elementor-widget elementor-widget-heading\" data-id=\"f152555\" data-element_type=\"widget\" data-e-type=\"widget\" data-widget_type=\"heading.default\">\n\t\t\t\t\t<h3 class=\"elementor-heading-title elementor-size-default\">We currently have a full team. <\/h3>\t\t\t\t<\/div>\n\t\t\t\t<div class=\"elementor-element elementor-element-cf0ae8d elementor-widget elementor-widget-text-editor\" data-id=\"cf0ae8d\" data-element_type=\"widget\" data-e-type=\"widget\" data-widget_type=\"text-editor.default\">\n\t\t\t\t\t\t\t\t\t<p>We are not looking for new colleagues at the moment.<\/p>\t\t\t\t\t\t\t\t<\/div>\n\t\t\t\t<\/div>\n\t\t\t\t<\/div>\n\t\t\t\t<\/div>\n\t\t\t\t<\/div>\n\t\t\t\t<\/div>","protected":false},"excerpt":{"rendered":"<p>Kari\u00e9ra Pracujeme na projektech, kde rozhoduj\u00ed p\u0159esnost v\u00fdpo\u010dt\u016f, technick\u00e9 my\u0161len\u00ed a odpov\u011bdnost za v\u00fdsledek. Navrhujeme, optimalizujeme a realizujeme syst\u00e9my pro dopravu, m\u011b\u0159en\u00ed a \u0159\u00edzen\u00ed kapalin v pr\u016fmyslu i energetice. Hled\u00e1me lidi, kte\u0159\u00ed cht\u011bj\u00ed r\u016fst a maj\u00ed ambici d\u011blat techniku na vysok\u00e9 \u00farovni. Voln\u00e9 pozice Aktu\u00e1ln\u011b m\u00e1me pln\u00fd t\u00fdm. Nov\u00e9 kolegy te\u010f nehled\u00e1me.<\/p>","protected":false},"author":1,"featured_media":0,"parent":0,"menu_order":0,"comment_status":"closed","ping_status":"closed","template":"elementor_header_footer","meta":{"footnotes":""},"class_list":["post-524","page","type-page","status-publish","hentry"],"_links":{"self":[{"href":"https:\/\/fluidengineering.cz\/en\/wp-json\/wp\/v2\/pages\/524","targetHints":{"allow":["GET"]}}],"collection":[{"href":"https:\/\/fluidengineering.cz\/en\/wp-json\/wp\/v2\/pages"}],"about":[{"href":"https:\/\/fluidengineering.cz\/en\/wp-json\/wp\/v2\/types\/page"}],"author":[{"embeddable":true,"href":"https:\/\/fluidengineering.cz\/en\/wp-json\/wp\/v2\/users\/1"}],"replies":[{"embeddable":true,"href":"https:\/\/fluidengineering.cz\/en\/wp-json\/wp\/v2\/comments?post=524"}],"version-history":[{"count":19,"href":"https:\/\/fluidengineering.cz\/en\/wp-json\/wp\/v2\/pages\/524\/revisions"}],"predecessor-version":[{"id":546,"href":"https:\/\/fluidengineering.cz\/en\/wp-json\/wp\/v2\/pages\/524\/revisions\/546"}],"wp:attachment":[{"href":"https:\/\/fluidengineering.cz\/en\/wp-json\/wp\/v2\/media?parent=524"}],"curies":[{"name":"wp","href":"https:\/\/api.w.org\/{rel}","templated":true}]}}