{"id":660,"date":"2026-03-04T09:42:02","date_gmt":"2026-03-04T09:42:02","guid":{"rendered":"http:\/\/fluidengineering.cz\/?page_id=660"},"modified":"2026-03-26T13:36:48","modified_gmt":"2026-03-26T13:36:48","slug":"chladici-veze","status":"publish","type":"page","link":"https:\/\/fluidengineering.cz\/en\/chladici-veze\/","title":{"rendered":"cooling towers"},"content":{"rendered":"\t\t<div data-elementor-type=\"wp-page\" data-elementor-id=\"660\" class=\"elementor elementor-660\" data-elementor-post-type=\"page\">\n\t\t\t\t<div class=\"elementor-element elementor-element-c804de4 e-con-full e-flex e-con e-parent\" data-id=\"c804de4\" data-element_type=\"container\" data-e-type=\"container\" data-settings=\"{&quot;background_background&quot;:&quot;classic&quot;}\">\n\t\t<div class=\"elementor-element elementor-element-598091e e-con-full e-flex e-con e-child\" data-id=\"598091e\" data-element_type=\"container\" data-e-type=\"container\">\n\t\t<div class=\"elementor-element elementor-element-59ba818 e-con-full e-flex e-con e-child\" data-id=\"59ba818\" data-element_type=\"container\" data-e-type=\"container\">\n\t\t\t\t<div class=\"elementor-element elementor-element-5d07cf3 elementor-widget__width-initial elementor-widget elementor-widget-heading\" data-id=\"5d07cf3\" data-element_type=\"widget\" data-e-type=\"widget\" data-widget_type=\"heading.default\">\n\t\t\t\t\t<h1 class=\"elementor-heading-title elementor-size-default\">Chlad\u00edc\u00ed v\u011b\u017ee<\/h1>\t\t\t\t<\/div>\n\t\t\t\t<div class=\"elementor-element elementor-element-78228f8 elementor-widget elementor-widget-text-editor\" data-id=\"78228f8\" data-element_type=\"widget\" data-e-type=\"widget\" data-widget_type=\"text-editor.default\">\n\t\t\t\t\t\t\t\t\t<p>Navrhujeme, dod\u00e1v\u00e1me a servisujeme pr\u016fmyslov\u00e9 chladic\u00ed syst\u00e9my a chladic\u00ed v\u011b\u017ee na kl\u00ed\u010d, p\u0159i\u010dem\u017e zaji\u0161\u0165ujeme kompletn\u00ed projekt, v\u00fdrobu, mont\u00e1\u017e, m\u011b\u0159en\u00ed v\u00fdkonu i dlouhodob\u00fd servis s d\u016frazem na energetickou efektivitu, spolehlivost a \u017eivotnost technologie.<\/p>\t\t\t\t\t\t\t\t<\/div>\n\t\t\t\t<div class=\"elementor-element elementor-element-10a4ee0 elementor-widget__width-auto elementor-widget-tablet__width-initial elementor-widget elementor-widget-heading\" data-id=\"10a4ee0\" data-element_type=\"widget\" data-e-type=\"widget\" data-widget_type=\"heading.default\">\n\t\t\t\t\t<h3 class=\"elementor-heading-title elementor-size-default\">realizace:<\/h3>\t\t\t\t<\/div>\n\t\t\t\t<div class=\"elementor-element elementor-element-eda5772 elementor-pagination-type-bullets elementor-pagination-position-outside elementor-widget elementor-widget-n-carousel\" data-id=\"eda5772\" data-element_type=\"widget\" data-e-type=\"widget\" data-settings=\"{&quot;carousel_items&quot;:[{&quot;slide_title&quot;:&quot;Slide #1&quot;,&quot;_id&quot;:&quot;15df691&quot;}],&quot;slides_to_show&quot;:&quot;1&quot;,&quot;slides_to_show_tablet&quot;:&quot;1&quot;,&quot;slides_to_show_mobile&quot;:&quot;1&quot;,&quot;autoplay&quot;:&quot;yes&quot;,&quot;autoplay_speed&quot;:5000,&quot;pause_on_hover&quot;:&quot;yes&quot;,&quot;pause_on_interaction&quot;:&quot;yes&quot;,&quot;infinite&quot;:&quot;yes&quot;,&quot;speed&quot;:500,&quot;offset_sides&quot;:&quot;none&quot;,&quot;pagination&quot;:&quot;bullets&quot;,&quot;image_spacing_custom&quot;:{&quot;unit&quot;:&quot;px&quot;,&quot;size&quot;:10,&quot;sizes&quot;:[]},&quot;image_spacing_custom_tablet&quot;:{&quot;unit&quot;:&quot;px&quot;,&quot;size&quot;:&quot;&quot;,&quot;sizes&quot;:[]},&quot;image_spacing_custom_mobile&quot;:{&quot;unit&quot;:&quot;px&quot;,&quot;size&quot;:&quot;&quot;,&quot;sizes&quot;:[]}}\" data-widget_type=\"nested-carousel.default\">\n\t\t\t\t\t\t\t<div class=\"e-n-carousel swiper\" role=\"region\" aria-roledescription=\"carousel\" aria-label=\"Carousel\" dir=\"ltr\">\n\t\t\t<div class=\"swiper-wrapper\" aria-live=\"off\">\n\t\t\t\t\t\t\t\t\t\t<div class=\"swiper-slide\" data-slide=\"1\" role=\"group\" aria-roledescription=\"slide\" aria-label=\"1 of 1\">\n\t\t\t\t\t\t\t<div class=\"elementor-element elementor-element-ea110a1 e-flex e-con-boxed e-con e-child\" data-id=\"ea110a1\" data-element_type=\"container\" data-e-type=\"container\">\n\t\t\t\t\t<div class=\"e-con-inner\">\n\t\t<div class=\"elementor-element elementor-element-54724da e-con-full e-flex e-con e-child\" data-id=\"54724da\" data-element_type=\"container\" data-e-type=\"container\" data-settings=\"{&quot;background_background&quot;:&quot;classic&quot;}\">\n\t\t<div class=\"elementor-element elementor-element-d679c17 e-con-full e-flex e-con e-child\" data-id=\"d679c17\" data-element_type=\"container\" data-e-type=\"container\">\n\t\t\t\t<div class=\"elementor-element elementor-element-5ec6865 elementor-widget elementor-widget-heading\" data-id=\"5ec6865\" data-element_type=\"widget\" data-e-type=\"widget\" data-widget_type=\"heading.default\">\n\t\t\t\t\t<h3 class=\"elementor-heading-title elementor-size-default\">Z\u00e1kazn\u00edk<\/h3>\t\t\t\t<\/div>\n\t\t\t\t<div class=\"elementor-element elementor-element-d690779 elementor-widget elementor-widget-heading\" data-id=\"d690779\" data-element_type=\"widget\" data-e-type=\"widget\" data-widget_type=\"heading.default\">\n\t\t\t\t\t<h3 class=\"elementor-heading-title elementor-size-default\">ARCELORMITTAL\nKRAKOW POLAND S. A.<\/h3>\t\t\t\t<\/div>\n\t\t\t\t<div class=\"elementor-element elementor-element-3c7fa88 elementor-widget elementor-widget-heading\" data-id=\"3c7fa88\" data-element_type=\"widget\" data-e-type=\"widget\" data-widget_type=\"heading.default\">\n\t\t\t\t\t<h3 class=\"elementor-heading-title elementor-size-default\">m\u00edsto<\/h3>\t\t\t\t<\/div>\n\t\t\t\t<div class=\"elementor-element elementor-element-05de1fc elementor-widget elementor-widget-heading\" data-id=\"05de1fc\" data-element_type=\"widget\" data-e-type=\"widget\" data-widget_type=\"heading.default\">\n\t\t\t\t\t<h3 class=\"elementor-heading-title elementor-size-default\">Polsko<\/h3>\t\t\t\t<\/div>\n\t\t\t\t<div class=\"elementor-element elementor-element-183e636 elementor-widget elementor-widget-button\" data-id=\"183e636\" data-element_type=\"widget\" data-e-type=\"widget\" data-widget_type=\"button.default\">\n\t\t\t\t\t\t\t\t\t\t<a class=\"elementor-button elementor-button-link elementor-size-sm\" href=\"http:\/\/fluidengineering.cz\/wp-content\/uploads\/2026\/03\/referencni-list-chlazeni-Krakov.pdf\">\n\t\t\t\t\t\t<span class=\"elementor-button-content-wrapper\">\n\t\t\t\t\t\t\t\t\t<span class=\"elementor-button-text\">Referen\u010dn\u00ed list<\/span>\n\t\t\t\t\t<\/span>\n\t\t\t\t\t<\/a>\n\t\t\t\t\t\t\t\t<\/div>\n\t\t\t\t<\/div>\n\t\t<div class=\"elementor-element elementor-element-a80c3ec e-con-full e-flex e-con e-child\" data-id=\"a80c3ec\" data-element_type=\"container\" data-e-type=\"container\" data-settings=\"{&quot;background_background&quot;:&quot;classic&quot;}\">\n\t\t\t\t<div class=\"elementor-element elementor-element-549731a elementor-widget elementor-widget-spacer\" data-id=\"549731a\" data-element_type=\"widget\" data-e-type=\"widget\" data-widget_type=\"spacer.default\">\n\t\t\t\t\t\t\t<div class=\"elementor-spacer\">\n\t\t\t<div class=\"elementor-spacer-inner\"><\/div>\n\t\t<\/div>\n\t\t\t\t\t\t<\/div>\n\t\t\t\t<\/div>\n\t\t\t\t<\/div>\n\t\t\t\t\t<\/div>\n\t\t\t\t<\/div>\n\t\t\t\t\t\t\t\t<\/div>\n\t\t\t\t\t\t\t\t<\/div>\n\t\t<\/div>\n\t\t\t\t\t\t<\/div>\n\t\t\t\t<\/div>\n\t\t<div class=\"elementor-element elementor-element-fd27173 e-con-full e-flex e-con e-child\" data-id=\"fd27173\" data-element_type=\"container\" data-e-type=\"container\">\n\t\t\t\t<div class=\"elementor-element elementor-element-a12d437 elementor-widget elementor-widget-image\" data-id=\"a12d437\" data-element_type=\"widget\" data-e-type=\"widget\" data-widget_type=\"image.default\">\n\t\t\t\t\t\t\t\t\t\t\t\t\t\t\t<img fetchpriority=\"high\" decoding=\"async\" width=\"800\" height=\"800\" src=\"https:\/\/fluidengineering.cz\/wp-content\/uploads\/2026\/03\/22-1.png\" class=\"attachment-large size-large wp-image-216\" alt=\"\" srcset=\"https:\/\/fluidengineering.cz\/wp-content\/uploads\/2026\/03\/22-1.png 800w, https:\/\/fluidengineering.cz\/wp-content\/uploads\/2026\/03\/22-1-300x300.png 300w, https:\/\/fluidengineering.cz\/wp-content\/uploads\/2026\/03\/22-1-150x150.png 150w, https:\/\/fluidengineering.cz\/wp-content\/uploads\/2026\/03\/22-1-768x768.png 768w\" sizes=\"(max-width: 800px) 100vw, 800px\" \/>\t\t\t\t\t\t\t\t\t\t\t\t\t\t\t<\/div>\n\t\t\t\t<\/div>\n\t\t\t\t<\/div>\n\t\t\t\t<\/div>\n\t\t<div class=\"elementor-element elementor-element-6f3fd6d e-con-full e-flex e-con e-parent\" data-id=\"6f3fd6d\" data-element_type=\"container\" data-e-type=\"container\">\n\t\t\t\t<div class=\"elementor-element elementor-element-e9437a0 elementor-widget elementor-widget-heading\" data-id=\"e9437a0\" data-element_type=\"widget\" data-e-type=\"widget\" data-widget_type=\"heading.default\">\n\t\t\t\t\t<h3 class=\"elementor-heading-title elementor-size-default\">Spolehlivosti a \u00daspory<\/h3>\t\t\t\t<\/div>\n\t\t<div class=\"elementor-element elementor-element-589aa23 e-con-full e-flex e-con e-child\" data-id=\"589aa23\" data-element_type=\"container\" data-e-type=\"container\">\n\t\t<div class=\"elementor-element elementor-element-79d86c5 e-grid e-con-full e-con e-child\" data-id=\"79d86c5\" data-element_type=\"container\" data-e-type=\"container\">\n\t\t<div class=\"elementor-element elementor-element-9c68bc3 e-con-full e-flex e-con e-child\" data-id=\"9c68bc3\" data-element_type=\"container\" data-e-type=\"container\">\n\t\t\t\t<div class=\"elementor-element elementor-element-10fbb8c elementor-widget__width-auto elementor-widget elementor-widget-heading\" data-id=\"10fbb8c\" data-element_type=\"widget\" data-e-type=\"widget\" data-widget_type=\"heading.default\">\n\t\t\t\t\t<h3 class=\"elementor-heading-title elementor-size-default\">Chladic\u00ed v\u011b\u017ee<\/h3>\t\t\t\t<\/div>\n\t\t\t\t<div class=\"elementor-element elementor-element-5902c3c elementor-widget elementor-widget-text-editor\" data-id=\"5902c3c\" data-element_type=\"widget\" data-e-type=\"widget\" data-widget_type=\"text-editor.default\">\n\t\t\t\t\t\t\t\t\t<p>Specializujeme se na n\u00e1vrh, dod\u00e1vku a mont\u00e1\u017e chladic\u00edch v\u011b\u017e\u00ed a pr\u016fmyslov\u00fdch chladic\u00edch syst\u00e9m\u016f, kter\u00e9 zaji\u0161\u0165uj\u00ed vysokou provozn\u00ed spolehlivost a optimalizaci energetick\u00e9 n\u00e1ro\u010dnosti provozu.<\/p>\t\t\t\t\t\t\t\t<\/div>\n\t\t\t\t<\/div>\n\t\t<div class=\"elementor-element elementor-element-5c45bd4 e-con-full e-flex e-con e-child\" data-id=\"5c45bd4\" data-element_type=\"container\" data-e-type=\"container\">\n\t\t\t\t<div class=\"elementor-element elementor-element-3106839 elementor-widget__width-auto elementor-widget elementor-widget-heading\" data-id=\"3106839\" data-element_type=\"widget\" data-e-type=\"widget\" data-widget_type=\"heading.default\">\n\t\t\t\t\t<h3 class=\"elementor-heading-title elementor-size-default\">Pr\u016fmyslov\u00e9 chlazen\u00ed<\/h3>\t\t\t\t<\/div>\n\t\t\t\t<div class=\"elementor-element elementor-element-ed8c60b elementor-widget elementor-widget-text-editor\" data-id=\"ed8c60b\" data-element_type=\"widget\" data-e-type=\"widget\" data-widget_type=\"text-editor.default\">\n\t\t\t\t\t\t\t\t\t<p>Dod\u00e1v\u00e1me modern\u00ed chladic\u00ed v\u011b\u017ee s nucen\u00fdm tahem v\u010detn\u011b technologi\u00ed z materi\u00e1lu FRP (sklolamin\u00e1t), kter\u00e9 eliminuj\u00ed korozi, zaji\u0161\u0165uj\u00ed dlouhou \u017eivotnost a minimalizuj\u00ed provozn\u00ed n\u00e1klady.<\/p>\t\t\t\t\t\t\t\t<\/div>\n\t\t\t\t<\/div>\n\t\t<div class=\"elementor-element elementor-element-4c2d509 e-con-full e-flex e-con e-child\" data-id=\"4c2d509\" data-element_type=\"container\" data-e-type=\"container\">\n\t\t\t\t<div class=\"elementor-element elementor-element-95aac39 elementor-widget__width-auto elementor-widget elementor-widget-heading\" data-id=\"95aac39\" data-element_type=\"widget\" data-e-type=\"widget\" data-widget_type=\"heading.default\">\n\t\t\t\t\t<h3 class=\"elementor-heading-title elementor-size-default\">Energetick\u00e1 efektivita<\/h3>\t\t\t\t<\/div>\n\t\t\t\t<div class=\"elementor-element elementor-element-a31c90b elementor-widget elementor-widget-text-editor\" data-id=\"a31c90b\" data-element_type=\"widget\" data-e-type=\"widget\" data-widget_type=\"text-editor.default\">\n\t\t\t\t\t\t\t\t\t<p data-start=\"946\" data-end=\"1172\">Realizujeme projek\u010dn\u00ed pr\u00e1ce, teplotechnick\u00e9 v\u00fdpo\u010dty, m\u011b\u0159en\u00ed a posouzen\u00ed v\u00fdkonu chladic\u00edch v\u011b\u017e\u00ed, na jejich\u017e z\u00e1klad\u011b navrhujeme optim\u00e1ln\u00ed \u0159e\u0161en\u00ed chlazen\u00ed pro konkr\u00e9tn\u00ed pr\u016fmyslov\u00e9 aplikace.<\/p><p data-start=\"1177\" data-end=\"1362\">Sou\u010d\u00e1st\u00ed dod\u00e1vek je tak\u00e9 kompletn\u00ed projektov\u00e1 dokumentace, dod\u00e1vka komponent\u016f, instalace za\u0159\u00edzen\u00ed a realizace technologi\u00ed formou dod\u00e1vky na kl\u00ed\u010d.<\/p>\t\t\t\t\t\t\t\t<\/div>\n\t\t\t\t<\/div>\n\t\t<div class=\"elementor-element elementor-element-6f74dab e-con-full e-flex e-con e-child\" data-id=\"6f74dab\" data-element_type=\"container\" data-e-type=\"container\">\n\t\t\t\t<div class=\"elementor-element elementor-element-fa34716 elementor-widget__width-auto elementor-widget elementor-widget-heading\" data-id=\"fa34716\" data-element_type=\"widget\" data-e-type=\"widget\" data-widget_type=\"heading.default\">\n\t\t\t\t\t<h3 class=\"elementor-heading-title elementor-size-default\">Projekce chlazen\u00ed<\/h3>\t\t\t\t<\/div>\n\t\t\t\t<div class=\"elementor-element elementor-element-28c9b63 elementor-widget elementor-widget-text-editor\" data-id=\"28c9b63\" data-element_type=\"widget\" data-e-type=\"widget\" data-widget_type=\"text-editor.default\">\n\t\t\t\t\t\t\t\t\t<p>Sou\u010d\u00e1st\u00ed dod\u00e1vek je tak\u00e9 kompletn\u00ed projektov\u00e1 dokumentace, dod\u00e1vka komponent\u016f, instalace za\u0159\u00edzen\u00ed a realizace technologi\u00ed formou dod\u00e1vky na kl\u00ed\u010d.<\/p>\t\t\t\t\t\t\t\t<\/div>\n\t\t\t\t<\/div>\n\t\t<div class=\"elementor-element elementor-element-9d9f149 e-con-full e-flex e-con e-child\" data-id=\"9d9f149\" data-element_type=\"container\" data-e-type=\"container\">\n\t\t\t\t<div class=\"elementor-element elementor-element-89aa3fd elementor-widget__width-auto elementor-widget elementor-widget-heading\" data-id=\"89aa3fd\" data-element_type=\"widget\" data-e-type=\"widget\" data-widget_type=\"heading.default\">\n\t\t\t\t\t<h3 class=\"elementor-heading-title elementor-size-default\">Servis technologie<\/h3>\t\t\t\t<\/div>\n\t\t\t\t<div class=\"elementor-element elementor-element-acc9d67 elementor-widget elementor-widget-text-editor\" data-id=\"acc9d67\" data-element_type=\"widget\" data-e-type=\"widget\" data-widget_type=\"text-editor.default\">\n\t\t\t\t\t\t\t\t\t<p>Zaji\u0161\u0165ujeme servis, \u00fadr\u017ebu, opravy a dod\u00e1vky n\u00e1hradn\u00edch d\u00edl\u016f chladic\u00edch v\u011b\u017e\u00ed, aby technologie dlouhodob\u011b dosahovala po\u017eadovan\u00fdch v\u00fdkonov\u00fdch parametr\u016f a minimalizovala riziko odst\u00e1vek provozu.<\/p>\t\t\t\t\t\t\t\t<\/div>\n\t\t\t\t<\/div>\n\t\t\t\t<\/div>\n\t\t\t\t<\/div>\n\t\t\t\t<\/div>\n\t\t<div class=\"elementor-element elementor-element-72de6e5 e-con-full e-flex e-con e-parent\" data-id=\"72de6e5\" data-element_type=\"container\" data-e-type=\"container\" data-settings=\"{&quot;background_background&quot;:&quot;classic&quot;}\">\n\t\t\t\t<div class=\"elementor-element elementor-element-cd18ce2 elementor-widget__width-initial elementor-widget elementor-widget-heading\" data-id=\"cd18ce2\" data-element_type=\"widget\" data-e-type=\"widget\" data-widget_type=\"heading.default\">\n\t\t\t\t\t<h1 class=\"elementor-heading-title elementor-size-default\">Nezn\u00e1te optim\u00e1ln\u00ed \u0159e\u0161en\u00ed pro svou pot\u0159ebu?<\/h1>\t\t\t\t<\/div>\n\t\t\t\t<div class=\"elementor-element elementor-element-2508645 elementor-widget__width-initial elementor-widget elementor-widget-text-editor\" data-id=\"2508645\" data-element_type=\"widget\" data-e-type=\"widget\" data-widget_type=\"text-editor.default\">\n\t\t\t\t\t\t\t\t\t<p>Kontaktujte n\u00e1s a my V\u00e1m porad\u00edme.<\/p>\t\t\t\t\t\t\t\t<\/div>\n\t\t\t\t<div class=\"elementor-element elementor-element-0ef7a1a elementor-widget elementor-widget-spacer\" data-id=\"0ef7a1a\" data-element_type=\"widget\" data-e-type=\"widget\" data-widget_type=\"spacer.default\">\n\t\t\t\t\t\t\t<div class=\"elementor-spacer\">\n\t\t\t<div class=\"elementor-spacer-inner\"><\/div>\n\t\t<\/div>\n\t\t\t\t\t\t<\/div>\n\t\t\t\t<div class=\"elementor-element elementor-element-1fb60c6 elementor-widget elementor-widget-button\" data-id=\"1fb60c6\" data-element_type=\"widget\" data-e-type=\"widget\" data-widget_type=\"button.default\">\n\t\t\t\t\t\t\t\t\t\t<a class=\"elementor-button elementor-button-link elementor-size-sm\" href=\"http:\/\/fluidengineering.cz\/kontakt\/\">\n\t\t\t\t\t\t<span class=\"elementor-button-content-wrapper\">\n\t\t\t\t\t\t\t\t\t<span class=\"elementor-button-text\">kontakt<\/span>\n\t\t\t\t\t<\/span>\n\t\t\t\t\t<\/a>\n\t\t\t\t\t\t\t\t<\/div>\n\t\t\t\t<\/div>\n\t\t\t\t<\/div>\n\t\t","protected":false},"excerpt":{"rendered":"<p>Chlad\u00edc\u00ed v\u011b\u017ee Navrhujeme, dod\u00e1v\u00e1me a servisujeme pr\u016fmyslov\u00e9 chladic\u00ed syst\u00e9my a chladic\u00ed v\u011b\u017ee na kl\u00ed\u010d, p\u0159i\u010dem\u017e zaji\u0161\u0165ujeme kompletn\u00ed projekt, v\u00fdrobu, mont\u00e1\u017e, m\u011b\u0159en\u00ed v\u00fdkonu i dlouhodob\u00fd servis s d\u016frazem na energetickou efektivitu, spolehlivost a \u017eivotnost technologie. realizace: Z\u00e1kazn\u00edk ARCELORMITTAL KRAKOW POLAND S. A. m\u00edsto Polsko Referen\u010dn\u00ed list Z\u00e1kazn\u00edk ARCELORMITTAL KRAKOW POLAND S. A. m\u00edsto Polsko Referen\u010dn\u00ed list [&hellip;]<\/p>\n","protected":false},"author":1,"featured_media":0,"parent":0,"menu_order":0,"comment_status":"closed","ping_status":"closed","template":"elementor_header_footer","meta":{"footnotes":""},"class_list":["post-660","page","type-page","status-publish","hentry"],"_links":{"self":[{"href":"https:\/\/fluidengineering.cz\/en\/wp-json\/wp\/v2\/pages\/660","targetHints":{"allow":["GET"]}}],"collection":[{"href":"https:\/\/fluidengineering.cz\/en\/wp-json\/wp\/v2\/pages"}],"about":[{"href":"https:\/\/fluidengineering.cz\/en\/wp-json\/wp\/v2\/types\/page"}],"author":[{"embeddable":true,"href":"https:\/\/fluidengineering.cz\/en\/wp-json\/wp\/v2\/users\/1"}],"replies":[{"embeddable":true,"href":"https:\/\/fluidengineering.cz\/en\/wp-json\/wp\/v2\/comments?post=660"}],"version-history":[{"count":23,"href":"https:\/\/fluidengineering.cz\/en\/wp-json\/wp\/v2\/pages\/660\/revisions"}],"predecessor-version":[{"id":954,"href":"https:\/\/fluidengineering.cz\/en\/wp-json\/wp\/v2\/pages\/660\/revisions\/954"}],"wp:attachment":[{"href":"https:\/\/fluidengineering.cz\/en\/wp-json\/wp\/v2\/media?parent=660"}],"curies":[{"name":"wp","href":"https:\/\/api.w.org\/{rel}","templated":true}]}}