{"id":779,"date":"2026-03-11T11:25:43","date_gmt":"2026-03-11T11:25:43","guid":{"rendered":"http:\/\/fluidengineering.cz\/?page_id=779"},"modified":"2026-04-03T07:40:04","modified_gmt":"2026-04-03T07:40:04","slug":"dvoupistove-cerpadlo-na-smes","status":"publish","type":"page","link":"https:\/\/fluidengineering.cz\/en\/dvoupistove-cerpadlo-na-smes\/","title":{"rendered":"Two-piston mixture pump"},"content":{"rendered":"<div data-elementor-type=\"wp-page\" data-elementor-id=\"779\" class=\"elementor elementor-779\" data-elementor-post-type=\"page\">\n\t\t\t\t<div class=\"elementor-element elementor-element-9bc904e e-con-full e-flex e-con e-parent\" data-id=\"9bc904e\" data-element_type=\"container\" data-e-type=\"container\" data-settings=\"{&quot;background_background&quot;:&quot;classic&quot;}\">\n\t\t<div class=\"elementor-element elementor-element-6854e26 e-con-full e-flex e-con e-child\" data-id=\"6854e26\" data-element_type=\"container\" data-e-type=\"container\">\n\t\t<div class=\"elementor-element elementor-element-9858129 e-con-full e-flex e-con e-child\" data-id=\"9858129\" data-element_type=\"container\" data-e-type=\"container\">\n\t\t\t\t<div class=\"elementor-element elementor-element-207cee2 elementor-widget__width-initial elementor-widget elementor-widget-heading\" data-id=\"207cee2\" data-element_type=\"widget\" data-e-type=\"widget\" data-widget_type=\"heading.default\">\n\t\t\t\t\t<h1 class=\"elementor-heading-title elementor-size-default\">Two-piston mixture pump<\/h1>\t\t\t\t<\/div>\n\t\t\t\t<div class=\"elementor-element elementor-element-45f17a7 elementor-widget elementor-widget-text-editor\" data-id=\"45f17a7\" data-element_type=\"widget\" data-e-type=\"widget\" data-widget_type=\"text-editor.default\">\n\t\t\t\t\t\t\t\t\t<p>The SPP twin-piston sludge pump converts the pressure energy of a clean liquid into the pressure energy of a hydro-mixture, enabling reliable transport of abrasive mixtures. The technology is designed for continuous, pulsation-free operation and can handle pumping of mixtures with particles up to 50 mm at high pressures.<\/p>\t\t\t\t\t\t\t\t<\/div>\n\t\t\t\t<\/div>\n\t\t<div class=\"elementor-element elementor-element-29bd63d e-con-full e-flex e-con e-child\" data-id=\"29bd63d\" data-element_type=\"container\" data-e-type=\"container\">\n\t\t\t\t<div class=\"elementor-element elementor-element-27ce1fb elementor-widget elementor-widget-image\" data-id=\"27ce1fb\" data-element_type=\"widget\" data-e-type=\"widget\" data-widget_type=\"image.default\">\n\t\t\t\t\t\t\t\t\t\t\t\t\t\t\t<img fetchpriority=\"high\" decoding=\"async\" width=\"800\" height=\"800\" src=\"https:\/\/fluidengineering.cz\/wp-content\/uploads\/2026\/03\/2222-1.png\" class=\"attachment-large size-large wp-image-786\" alt=\"\" srcset=\"https:\/\/fluidengineering.cz\/wp-content\/uploads\/2026\/03\/2222-1.png 800w, https:\/\/fluidengineering.cz\/wp-content\/uploads\/2026\/03\/2222-1-300x300.png 300w, https:\/\/fluidengineering.cz\/wp-content\/uploads\/2026\/03\/2222-1-150x150.png 150w, https:\/\/fluidengineering.cz\/wp-content\/uploads\/2026\/03\/2222-1-768x768.png 768w\" sizes=\"(max-width: 800px) 100vw, 800px\" \/>\t\t\t\t\t\t\t\t\t\t\t\t\t\t\t<\/div>\n\t\t\t\t<\/div>\n\t\t\t\t<\/div>\n\t\t\t\t<\/div>\n\t\t<div class=\"elementor-element elementor-element-9f0a150 e-con-full e-flex e-con e-parent\" data-id=\"9f0a150\" data-element_type=\"container\" data-e-type=\"container\">\n\t\t\t\t<div class=\"elementor-element elementor-element-d843e10 elementor-widget elementor-widget-heading\" data-id=\"d843e10\" data-element_type=\"widget\" data-e-type=\"widget\" data-widget_type=\"heading.default\">\n\t\t\t\t\t<h3 class=\"elementor-heading-title elementor-size-default\">Reliability and Savings<\/h3>\t\t\t\t<\/div>\n\t\t<div class=\"elementor-element elementor-element-7e136a7 e-con-full e-flex e-con e-child\" data-id=\"7e136a7\" data-element_type=\"container\" data-e-type=\"container\">\n\t\t<div class=\"elementor-element elementor-element-54efd16 e-grid e-con-full e-con e-child\" data-id=\"54efd16\" data-element_type=\"container\" data-e-type=\"container\">\n\t\t<div class=\"elementor-element elementor-element-77c8c8c e-con-full e-flex e-con e-child\" data-id=\"77c8c8c\" data-element_type=\"container\" data-e-type=\"container\">\n\t\t\t\t<div class=\"elementor-element elementor-element-c93eb4b elementor-widget__width-auto elementor-widget elementor-widget-heading\" data-id=\"c93eb4b\" data-element_type=\"widget\" data-e-type=\"widget\" data-widget_type=\"heading.default\">\n\t\t\t\t\t<h3 class=\"elementor-heading-title elementor-size-default\">Withdrawal principle<\/h3>\t\t\t\t<\/div>\n\t\t\t\t<div class=\"elementor-element elementor-element-6eafa42 elementor-widget elementor-widget-text-editor\" data-id=\"6eafa42\" data-element_type=\"widget\" data-e-type=\"widget\" data-widget_type=\"text-editor.default\">\n\t\t\t\t\t\t\t\t\t<p>The pump operates on the principle of transferring pressure energy from a clean fluid to the hydro-mixture. Thanks to proprietary special fittings, smooth discharge without flow pulsations and stable hydraulic operation are ensured.<\/p>\t\t\t\t\t\t\t\t<\/div>\n\t\t\t\t<\/div>\n\t\t<div class=\"elementor-element elementor-element-8bb6cbc e-con-full e-flex e-con e-child\" data-id=\"8bb6cbc\" data-element_type=\"container\" data-e-type=\"container\">\n\t\t\t\t<div class=\"elementor-element elementor-element-a815470 elementor-widget__width-auto elementor-widget elementor-widget-heading\" data-id=\"a815470\" data-element_type=\"widget\" data-e-type=\"widget\" data-widget_type=\"heading.default\">\n\t\t\t\t\t<h3 class=\"elementor-heading-title elementor-size-default\">Types of Pumped Mixtures<\/h3>\t\t\t\t<\/div>\n\t\t\t\t<div class=\"elementor-element elementor-element-45a9af1 elementor-widget elementor-widget-text-editor\" data-id=\"45a9af1\" data-element_type=\"widget\" data-e-type=\"widget\" data-widget_type=\"text-editor.default\">\n\t\t\t\t\t\t\t\t\t<p>The device is designed for pumping various types of hydro-mixtures, such as mixtures of sand, fly ash, ores, or sludge. The design allows for the transport of abrasive materials with particle sizes up to 50 mm.<\/p>\t\t\t\t\t\t\t\t<\/div>\n\t\t\t\t<\/div>\n\t\t<div class=\"elementor-element elementor-element-eb47655 e-con-full e-flex e-con e-child\" data-id=\"eb47655\" data-element_type=\"container\" data-e-type=\"container\">\n\t\t\t\t<div class=\"elementor-element elementor-element-6a3b9ba elementor-widget__width-auto elementor-widget elementor-widget-heading\" data-id=\"6a3b9ba\" data-element_type=\"widget\" data-e-type=\"widget\" data-widget_type=\"heading.default\">\n\t\t\t\t\t<h3 class=\"elementor-heading-title elementor-size-default\">Hydraulic parameters<\/h3>\t\t\t\t<\/div>\n\t\t\t\t<div class=\"elementor-element elementor-element-cf02409 elementor-widget elementor-widget-text-editor\" data-id=\"cf02409\" data-element_type=\"widget\" data-e-type=\"widget\" data-widget_type=\"text-editor.default\">\n\t\t\t\t\t\t\t\t\t<p>SPP pumps are designed for flow rates up to 500 m\u00b3\/h and a maximum discharge pressure of 30 MPa. The hydraulic characteristics can be adapted to the specific parameters of the conveyed mixture.<\/p>\t\t\t\t\t\t\t\t<\/div>\n\t\t\t\t<\/div>\n\t\t<div class=\"elementor-element elementor-element-293bc17 e-con-full e-flex e-con e-child\" data-id=\"293bc17\" data-element_type=\"container\" data-e-type=\"container\">\n\t\t\t\t<div class=\"elementor-element elementor-element-ab1b7c6 elementor-widget__width-auto elementor-widget elementor-widget-heading\" data-id=\"ab1b7c6\" data-element_type=\"widget\" data-e-type=\"widget\" data-widget_type=\"heading.default\">\n\t\t\t\t\t<h3 class=\"elementor-heading-title elementor-size-default\">Tree and steering<\/h3>\t\t\t\t<\/div>\n\t\t\t\t<div class=\"elementor-element elementor-element-317bd92 elementor-widget elementor-widget-text-editor\" data-id=\"317bd92\" data-element_type=\"widget\" data-e-type=\"widget\" data-widget_type=\"text-editor.default\">\n\t\t\t\t\t\t\t\t\t<p>Hydrostatic or hydrodynamic high-pressure pumps designed for pumping clean fluid can be used as an energy source. Operation is controlled using an integrated PLC system with the option of connecting to a higher-level process control system.<\/p>\t\t\t\t\t\t\t\t<\/div>\n\t\t\t\t<\/div>\n\t\t<div class=\"elementor-element elementor-element-179b2d1 e-con-full e-flex e-con e-child\" data-id=\"179b2d1\" data-element_type=\"container\" data-e-type=\"container\">\n\t\t\t\t<div class=\"elementor-element elementor-element-375d445 elementor-widget__width-auto elementor-widget elementor-widget-heading\" data-id=\"375d445\" data-element_type=\"widget\" data-e-type=\"widget\" data-widget_type=\"heading.default\">\n\t\t\t\t\t<h3 class=\"elementor-heading-title elementor-size-default\">Operational and Service Benefits<\/h3>\t\t\t\t<\/div>\n\t\t\t\t<div class=\"elementor-element elementor-element-3b3e52c elementor-widget elementor-widget-text-editor\" data-id=\"3b3e52c\" data-element_type=\"widget\" data-e-type=\"widget\" data-widget_type=\"text-editor.default\">\n\t\t\t\t\t\t\t\t\t<p>The construction is optimized for pumping highly abrasive mixtures with lower operational wear than conventional slurry pumps. The system also allows for easy disassembly, cleaning, and the delivery of complete hydraulic transport technology on a turnkey basis.<\/p>\t\t\t\t\t\t\t\t<\/div>\n\t\t\t\t<\/div>\n\t\t\t\t<\/div>\n\t\t\t\t<\/div>\n\t\t\t\t<\/div>\n\t\t<div class=\"elementor-element elementor-element-3bdb4c9 e-con-full e-flex e-con e-parent\" data-id=\"3bdb4c9\" data-element_type=\"container\" data-e-type=\"container\" data-settings=\"{&quot;background_background&quot;:&quot;classic&quot;}\">\n\t\t\t\t<div class=\"elementor-element elementor-element-38c9368 elementor-widget__width-initial elementor-widget elementor-widget-heading\" data-id=\"38c9368\" data-element_type=\"widget\" data-e-type=\"widget\" data-widget_type=\"heading.default\">\n\t\t\t\t\t<h1 class=\"elementor-heading-title elementor-size-default\">Don't you know the optimal solution for your needs?<\/h1>\t\t\t\t<\/div>\n\t\t\t\t<div class=\"elementor-element elementor-element-b8a09b6 elementor-widget__width-initial elementor-widget elementor-widget-text-editor\" data-id=\"b8a09b6\" data-element_type=\"widget\" data-e-type=\"widget\" data-widget_type=\"text-editor.default\">\n\t\t\t\t\t\t\t\t\t<p>Contact us and we will advise you.<\/p>\t\t\t\t\t\t\t\t<\/div>\n\t\t\t\t<div class=\"elementor-element elementor-element-165f4bd elementor-widget elementor-widget-spacer\" data-id=\"165f4bd\" data-element_type=\"widget\" data-e-type=\"widget\" data-widget_type=\"spacer.default\">\n\t\t\t\t\t\t\t<div class=\"elementor-spacer\">\n\t\t\t<div class=\"elementor-spacer-inner\"><\/div>\n\t\t<\/div>\n\t\t\t\t\t\t<\/div>\n\t\t\t\t<div class=\"elementor-element elementor-element-3ed933e elementor-widget elementor-widget-button\" data-id=\"3ed933e\" data-element_type=\"widget\" data-e-type=\"widget\" data-widget_type=\"button.default\">\n\t\t\t\t\t\t\t\t\t\t<a class=\"elementor-button elementor-button-link elementor-size-sm\" href=\"http:\/\/fluidengineering.cz\/en\/kontakt\/\">\n\t\t\t\t\t\t<span class=\"elementor-button-content-wrapper\">\n\t\t\t\t\t\t\t\t\t<span class=\"elementor-button-text\">Contact<\/span>\n\t\t\t\t\t<\/span>\n\t\t\t\t\t<\/a>\n\t\t\t\t\t\t\t\t<\/div>\n\t\t\t\t<\/div>\n\t\t\t\t<\/div>","protected":false},"excerpt":{"rendered":"<p>Dvoup\u00edstov\u00e9 \u010derpadlo na sm\u011bs Dvoup\u00edstov\u00e9 kalov\u00e9 \u010derpadlo SPP p\u0159ev\u00e1d\u00ed tlakovou energii \u010dist\u00e9 kapaliny na tlakovou energii hydrosm\u011bsi a umo\u017e\u0148uje spolehlivou dopravu abrazivn\u00edch sm\u011bs\u00ed. Technologie je navr\u017eena pro kontinu\u00e1ln\u00ed provoz bez pulzac\u00ed a zvl\u00e1d\u00e1 \u010derp\u00e1n\u00ed sm\u011bs\u00ed s \u010d\u00e1sticemi a\u017e do 50 mm p\u0159i vysok\u00fdch tlac\u00edch. Spolehlivosti a \u00daspory Princip \u010derp\u00e1n\u00ed \u010cerpadlo pracuje na principu p\u0159enosu tlakov\u00e9 [&hellip;]<\/p>\n","protected":false},"author":1,"featured_media":0,"parent":0,"menu_order":0,"comment_status":"closed","ping_status":"closed","template":"elementor_header_footer","meta":{"footnotes":""},"class_list":["post-779","page","type-page","status-publish","hentry"],"_links":{"self":[{"href":"https:\/\/fluidengineering.cz\/en\/wp-json\/wp\/v2\/pages\/779","targetHints":{"allow":["GET"]}}],"collection":[{"href":"https:\/\/fluidengineering.cz\/en\/wp-json\/wp\/v2\/pages"}],"about":[{"href":"https:\/\/fluidengineering.cz\/en\/wp-json\/wp\/v2\/types\/page"}],"author":[{"embeddable":true,"href":"https:\/\/fluidengineering.cz\/en\/wp-json\/wp\/v2\/users\/1"}],"replies":[{"embeddable":true,"href":"https:\/\/fluidengineering.cz\/en\/wp-json\/wp\/v2\/comments?post=779"}],"version-history":[{"count":14,"href":"https:\/\/fluidengineering.cz\/en\/wp-json\/wp\/v2\/pages\/779\/revisions"}],"predecessor-version":[{"id":1003,"href":"https:\/\/fluidengineering.cz\/en\/wp-json\/wp\/v2\/pages\/779\/revisions\/1003"}],"wp:attachment":[{"href":"https:\/\/fluidengineering.cz\/en\/wp-json\/wp\/v2\/media?parent=779"}],"curies":[{"name":"wp","href":"https:\/\/api.w.org\/{rel}","templated":true}]}}