{"id":478,"date":"2026-03-03T12:05:28","date_gmt":"2026-03-03T12:05:28","guid":{"rendered":"http:\/\/fluidengineering.cz\/?page_id=478"},"modified":"2026-03-26T13:38:25","modified_gmt":"2026-03-26T13:38:25","slug":"automaticky-filtr","status":"publish","type":"page","link":"https:\/\/fluidengineering.cz\/pl\/automaticky-filtr\/","title":{"rendered":"filtr automatyczny"},"content":{"rendered":"\t\t<div data-elementor-type=\"wp-page\" data-elementor-id=\"478\" class=\"elementor elementor-478\" data-elementor-post-type=\"page\">\n\t\t\t\t<div class=\"elementor-element elementor-element-c6a4fce e-con-full e-flex e-con e-parent\" data-id=\"c6a4fce\" data-element_type=\"container\" data-e-type=\"container\" data-settings=\"{&quot;background_background&quot;:&quot;classic&quot;}\">\n\t\t<div class=\"elementor-element elementor-element-5731a68 e-con-full e-flex e-con e-child\" data-id=\"5731a68\" data-element_type=\"container\" data-e-type=\"container\">\n\t\t<div class=\"elementor-element elementor-element-ba0b31b e-con-full e-flex e-con e-child\" data-id=\"ba0b31b\" data-element_type=\"container\" data-e-type=\"container\">\n\t\t\t\t<div class=\"elementor-element elementor-element-7700716 elementor-widget__width-initial elementor-widget elementor-widget-heading\" data-id=\"7700716\" data-element_type=\"widget\" data-e-type=\"widget\" data-widget_type=\"heading.default\">\n\t\t\t\t\t<h1 class=\"elementor-heading-title elementor-size-default\">Automatick\u00fd filtr<\/h1>\t\t\t\t<\/div>\n\t\t\t\t<div class=\"elementor-element elementor-element-7af979f elementor-widget elementor-widget-text-editor\" data-id=\"7af979f\" data-element_type=\"widget\" data-e-type=\"widget\" data-widget_type=\"text-editor.default\">\n\t\t\t\t\t\t\t\t\t<p>U\u017e \u017e\u00e1dn\u00e9 manu\u00e1ln\u00ed \u010di\u0161t\u011bn\u00ed a odst\u00e1vky! Z\u00edskejte spolehlivost a nep\u0159etr\u017eit\u00fd provoz s automatick\u00fdmi filtry, kter\u00e9 se \u010dist\u00ed samy \u2013 zp\u011btn\u00fdm proplachem, bez nutnosti z\u00e1sahu obsluhy.<\/p>\t\t\t\t\t\t\t\t<\/div>\n\t\t\t\t<div class=\"elementor-element elementor-element-39f7873 elementor-widget__width-auto elementor-widget-tablet__width-initial elementor-hidden-desktop elementor-hidden-tablet elementor-hidden-mobile elementor-widget elementor-widget-heading\" data-id=\"39f7873\" data-element_type=\"widget\" data-e-type=\"widget\" data-widget_type=\"heading.default\">\n\t\t\t\t\t<h3 class=\"elementor-heading-title elementor-size-default\">realizace:<\/h3>\t\t\t\t<\/div>\n\t\t\t\t<div class=\"elementor-element elementor-element-266a6a5 elementor-hidden-desktop elementor-hidden-tablet elementor-hidden-mobile elementor-pagination-type-bullets elementor-pagination-position-outside elementor-widget elementor-widget-n-carousel\" data-id=\"266a6a5\" data-element_type=\"widget\" data-e-type=\"widget\" data-settings=\"{&quot;carousel_items&quot;:[{&quot;slide_title&quot;:&quot;Slide #1&quot;,&quot;_id&quot;:&quot;15df691&quot;}],&quot;slides_to_show&quot;:&quot;1&quot;,&quot;slides_to_show_tablet&quot;:&quot;1&quot;,&quot;slides_to_show_mobile&quot;:&quot;1&quot;,&quot;autoplay&quot;:&quot;yes&quot;,&quot;autoplay_speed&quot;:5000,&quot;pause_on_hover&quot;:&quot;yes&quot;,&quot;pause_on_interaction&quot;:&quot;yes&quot;,&quot;infinite&quot;:&quot;yes&quot;,&quot;speed&quot;:500,&quot;offset_sides&quot;:&quot;none&quot;,&quot;pagination&quot;:&quot;bullets&quot;,&quot;image_spacing_custom&quot;:{&quot;unit&quot;:&quot;px&quot;,&quot;size&quot;:10,&quot;sizes&quot;:[]},&quot;image_spacing_custom_tablet&quot;:{&quot;unit&quot;:&quot;px&quot;,&quot;size&quot;:&quot;&quot;,&quot;sizes&quot;:[]},&quot;image_spacing_custom_mobile&quot;:{&quot;unit&quot;:&quot;px&quot;,&quot;size&quot;:&quot;&quot;,&quot;sizes&quot;:[]}}\" data-widget_type=\"nested-carousel.default\">\n\t\t\t\t\t\t\t<div class=\"e-n-carousel swiper\" role=\"region\" aria-roledescription=\"carousel\" aria-label=\"Carousel\" dir=\"ltr\">\n\t\t\t<div class=\"swiper-wrapper\" aria-live=\"off\">\n\t\t\t\t\t\t\t\t\t\t<div class=\"swiper-slide\" data-slide=\"1\" role=\"group\" aria-roledescription=\"slide\" aria-label=\"1 z 1\">\n\t\t\t\t\t\t\t<div class=\"elementor-element elementor-element-9ec78c8 e-flex e-con-boxed e-con e-child\" data-id=\"9ec78c8\" data-element_type=\"container\" data-e-type=\"container\">\n\t\t\t\t\t<div class=\"e-con-inner\">\n\t\t<div class=\"elementor-element elementor-element-7bccb16 e-con-full e-flex e-con e-child\" data-id=\"7bccb16\" data-element_type=\"container\" data-e-type=\"container\" data-settings=\"{&quot;background_background&quot;:&quot;classic&quot;}\">\n\t\t<div class=\"elementor-element elementor-element-4d14d14 e-con-full e-flex e-con e-child\" data-id=\"4d14d14\" data-element_type=\"container\" data-e-type=\"container\">\n\t\t\t\t<div class=\"elementor-element elementor-element-d1421d2 elementor-widget elementor-widget-heading\" data-id=\"d1421d2\" data-element_type=\"widget\" data-e-type=\"widget\" data-widget_type=\"heading.default\">\n\t\t\t\t\t<h3 class=\"elementor-heading-title elementor-size-default\">Z\u00e1kazn\u00edk<\/h3>\t\t\t\t<\/div>\n\t\t\t\t<div class=\"elementor-element elementor-element-7a530bc elementor-widget elementor-widget-heading\" data-id=\"7a530bc\" data-element_type=\"widget\" data-e-type=\"widget\" data-widget_type=\"heading.default\">\n\t\t\t\t\t<h3 class=\"elementor-heading-title elementor-size-default\">ORLEN<\/h3>\t\t\t\t<\/div>\n\t\t\t\t<div class=\"elementor-element elementor-element-f8cd6e4 elementor-widget elementor-widget-heading\" data-id=\"f8cd6e4\" data-element_type=\"widget\" data-e-type=\"widget\" data-widget_type=\"heading.default\">\n\t\t\t\t\t<h3 class=\"elementor-heading-title elementor-size-default\">m\u00edsto<\/h3>\t\t\t\t<\/div>\n\t\t\t\t<div class=\"elementor-element elementor-element-de5457d elementor-widget elementor-widget-heading\" data-id=\"de5457d\" data-element_type=\"widget\" data-e-type=\"widget\" data-widget_type=\"heading.default\">\n\t\t\t\t\t<h3 class=\"elementor-heading-title elementor-size-default\">Praha<\/h3>\t\t\t\t<\/div>\n\t\t\t\t<div class=\"elementor-element elementor-element-19e04b6 elementor-widget elementor-widget-button\" data-id=\"19e04b6\" data-element_type=\"widget\" data-e-type=\"widget\" data-widget_type=\"button.default\">\n\t\t\t\t\t\t\t\t\t\t<a class=\"elementor-button elementor-button-link elementor-size-sm\" href=\"#\">\n\t\t\t\t\t\t<span class=\"elementor-button-content-wrapper\">\n\t\t\t\t\t\t\t\t\t<span class=\"elementor-button-text\">Referen\u010dn\u00ed list<\/span>\n\t\t\t\t\t<\/span>\n\t\t\t\t\t<\/a>\n\t\t\t\t\t\t\t\t<\/div>\n\t\t\t\t<\/div>\n\t\t<div class=\"elementor-element elementor-element-10c2b08 e-con-full e-flex e-con e-child\" data-id=\"10c2b08\" data-element_type=\"container\" data-e-type=\"container\" data-settings=\"{&quot;background_background&quot;:&quot;classic&quot;}\">\n\t\t\t\t<div class=\"elementor-element elementor-element-0cc2cac elementor-widget elementor-widget-spacer\" data-id=\"0cc2cac\" data-element_type=\"widget\" data-e-type=\"widget\" data-widget_type=\"spacer.default\">\n\t\t\t\t\t\t\t<div class=\"elementor-spacer\">\n\t\t\t<div class=\"elementor-spacer-inner\"><\/div>\n\t\t<\/div>\n\t\t\t\t\t\t<\/div>\n\t\t\t\t<\/div>\n\t\t\t\t<\/div>\n\t\t\t\t\t<\/div>\n\t\t\t\t<\/div>\n\t\t\t\t\t\t\t\t<\/div>\n\t\t\t\t\t\t\t\t<\/div>\n\t\t<\/div>\n\t\t\t\t\t\t<\/div>\n\t\t\t\t<\/div>\n\t\t<div class=\"elementor-element elementor-element-d6ba354 e-con-full e-flex e-con e-child\" data-id=\"d6ba354\" data-element_type=\"container\" data-e-type=\"container\">\n\t\t\t\t<div class=\"elementor-element elementor-element-c0e5a5d elementor-widget elementor-widget-image\" data-id=\"c0e5a5d\" data-element_type=\"widget\" data-e-type=\"widget\" data-widget_type=\"image.default\">\n\t\t\t\t\t\t\t\t\t\t\t\t\t\t\t<img fetchpriority=\"high\" decoding=\"async\" width=\"800\" height=\"800\" src=\"https:\/\/fluidengineering.cz\/wp-content\/uploads\/2026\/03\/11-1.png\" class=\"attachment-large size-large wp-image-215\" alt=\"\" srcset=\"https:\/\/fluidengineering.cz\/wp-content\/uploads\/2026\/03\/11-1.png 800w, https:\/\/fluidengineering.cz\/wp-content\/uploads\/2026\/03\/11-1-300x300.png 300w, https:\/\/fluidengineering.cz\/wp-content\/uploads\/2026\/03\/11-1-150x150.png 150w, https:\/\/fluidengineering.cz\/wp-content\/uploads\/2026\/03\/11-1-768x768.png 768w\" sizes=\"(max-width: 800px) 100vw, 800px\" \/>\t\t\t\t\t\t\t\t\t\t\t\t\t\t\t<\/div>\n\t\t\t\t<\/div>\n\t\t\t\t<\/div>\n\t\t\t\t<\/div>\n\t\t<div class=\"elementor-element elementor-element-45bd7af e-con-full e-flex e-con e-parent\" data-id=\"45bd7af\" data-element_type=\"container\" data-e-type=\"container\">\n\t\t\t\t<div class=\"elementor-element elementor-element-55a76df elementor-widget elementor-widget-heading\" data-id=\"55a76df\" data-element_type=\"widget\" data-e-type=\"widget\" data-widget_type=\"heading.default\">\n\t\t\t\t\t<h3 class=\"elementor-heading-title elementor-size-default\">Spolehlivosti a \u00daspory<\/h3>\t\t\t\t<\/div>\n\t\t<div class=\"elementor-element elementor-element-fa791c3 e-con-full e-flex e-con e-child\" data-id=\"fa791c3\" data-element_type=\"container\" data-e-type=\"container\">\n\t\t<div class=\"elementor-element elementor-element-1dfe14f e-grid e-con-full e-con e-child\" data-id=\"1dfe14f\" data-element_type=\"container\" data-e-type=\"container\">\n\t\t<div class=\"elementor-element elementor-element-ea7fc37 e-con-full e-flex e-con e-child\" data-id=\"ea7fc37\" data-element_type=\"container\" data-e-type=\"container\">\n\t\t\t\t<div class=\"elementor-element elementor-element-fd77ede elementor-widget__width-auto elementor-widget elementor-widget-heading\" data-id=\"fd77ede\" data-element_type=\"widget\" data-e-type=\"widget\" data-widget_type=\"heading.default\">\n\t\t\t\t\t<h3 class=\"elementor-heading-title elementor-size-default\">100% Automatizace<\/h3>\t\t\t\t<\/div>\n\t\t\t\t<div class=\"elementor-element elementor-element-195b724 elementor-widget elementor-widget-text-editor\" data-id=\"195b724\" data-element_type=\"widget\" data-e-type=\"widget\" data-widget_type=\"text-editor.default\">\n\t\t\t\t\t\t\t\t\t<p>\u010ci\u0161t\u011bn\u00ed zp\u011btn\u00fdm proplachem prob\u00edh\u00e1 pln\u011b automaticky a bez z\u00e1sahu obsluhy, co\u017e minimalizuje provozn\u00ed n\u00e1klady a maximalizuje dobu chodu.<\/p>\t\t\t\t\t\t\t\t<\/div>\n\t\t\t\t<\/div>\n\t\t<div class=\"elementor-element elementor-element-c61ecf3 e-con-full e-flex e-con e-child\" data-id=\"c61ecf3\" data-element_type=\"container\" data-e-type=\"container\">\n\t\t\t\t<div class=\"elementor-element elementor-element-f2638f2 elementor-widget__width-auto elementor-widget elementor-widget-heading\" data-id=\"f2638f2\" data-element_type=\"widget\" data-e-type=\"widget\" data-widget_type=\"heading.default\">\n\t\t\t\t\t<h3 class=\"elementor-heading-title elementor-size-default\">Vlastn\u00ed Inteligentn\u00ed \u0158\u00edzen\u00ed<\/h3>\t\t\t\t<\/div>\n\t\t\t\t<div class=\"elementor-element elementor-element-8dca2b6 elementor-widget elementor-widget-text-editor\" data-id=\"8dca2b6\" data-element_type=\"widget\" data-e-type=\"widget\" data-widget_type=\"text-editor.default\">\n\t\t\t\t\t\t\t\t\t<p>D\u00edky vlastn\u00edmu \u0159\u00edd\u00edc\u00edmu syst\u00e9mu AFsoft m\u00e1te nad filtrac\u00ed plnou kontrolu, optimalizovanou p\u0159esn\u011b pro va\u0161e m\u00e9dium.<\/p>\t\t\t\t\t\t\t\t<\/div>\n\t\t\t\t<\/div>\n\t\t<div class=\"elementor-element elementor-element-d154be1 e-con-full e-flex e-con e-child\" data-id=\"d154be1\" data-element_type=\"container\" data-e-type=\"container\">\n\t\t\t\t<div class=\"elementor-element elementor-element-0b395b8 elementor-widget__width-auto elementor-widget elementor-widget-heading\" data-id=\"0b395b8\" data-element_type=\"widget\" data-e-type=\"widget\" data-widget_type=\"heading.default\">\n\t\t\t\t\t<h3 class=\"elementor-heading-title elementor-size-default\">\u0160it\u00e9 na M\u00edru<\/h3>\t\t\t\t<\/div>\n\t\t\t\t<div class=\"elementor-element elementor-element-3792b87 elementor-widget elementor-widget-text-editor\" data-id=\"3792b87\" data-element_type=\"widget\" data-e-type=\"widget\" data-widget_type=\"text-editor.default\">\n\t\t\t\t\t\t\t\t\t<p>Nab\u00edz\u00edme kompletn\u00ed technick\u00fd n\u00e1vrh p\u0159esn\u011b podle pot\u0159eb z\u00e1kazn\u00edka, v\u010detn\u011b volby materi\u00e1lov\u00e9ho proveden\u00ed a variabiln\u00edho nato\u010den\u00ed p\u0159\u00edrub.<\/p>\t\t\t\t\t\t\t\t<\/div>\n\t\t\t\t<\/div>\n\t\t<div class=\"elementor-element elementor-element-3cff750 e-con-full e-flex e-con e-child\" data-id=\"3cff750\" data-element_type=\"container\" data-e-type=\"container\">\n\t\t\t\t<div class=\"elementor-element elementor-element-b8f1d59 elementor-widget__width-auto elementor-widget elementor-widget-heading\" data-id=\"b8f1d59\" data-element_type=\"widget\" data-e-type=\"widget\" data-widget_type=\"heading.default\">\n\t\t\t\t\t<h3 class=\"elementor-heading-title elementor-size-default\">\u0160irok\u00fd Rozsah V\u00fdkonu<\/h3>\t\t\t\t<\/div>\n\t\t\t\t<div class=\"elementor-element elementor-element-050c008 elementor-widget elementor-widget-text-editor\" data-id=\"050c008\" data-element_type=\"widget\" data-e-type=\"widget\" data-widget_type=\"text-editor.default\">\n\t\t\t\t\t\t\t\t\t<p>Modely od kompaktn\u00edho AF-20 (5 m3\/h) a\u017e po pr\u016fmyslov\u00fd gigant AF-1000 (a\u017e 5000 m3\/h), pokr\u00fdvaj\u00edc\u00ed ka\u017edou aplikaci.<\/p>\t\t\t\t\t\t\t\t<\/div>\n\t\t\t\t<\/div>\n\t\t<div class=\"elementor-element elementor-element-1e83d5e e-con-full e-flex e-con e-child\" data-id=\"1e83d5e\" data-element_type=\"container\" data-e-type=\"container\">\n\t\t\t\t<div class=\"elementor-element elementor-element-6eeaccc elementor-widget__width-auto elementor-widget elementor-widget-heading\" data-id=\"6eeaccc\" data-element_type=\"widget\" data-e-type=\"widget\" data-widget_type=\"heading.default\">\n\t\t\t\t\t<h3 class=\"elementor-heading-title elementor-size-default\">Garantovan\u00e1 odolnost<\/h3>\t\t\t\t<\/div>\n\t\t\t\t<div class=\"elementor-element elementor-element-5630b38 elementor-widget elementor-widget-text-editor\" data-id=\"5630b38\" data-element_type=\"widget\" data-e-type=\"widget\" data-widget_type=\"text-editor.default\">\n\t\t\t\t\t\t\t\t\t<p>Konstrukce navr\u017een\u00e1 pro spolehlivost a v\u00fddr\u017e v n\u00e1ro\u010dn\u00fdch pr\u016fmyslov\u00fdch podm\u00ednk\u00e1ch.<\/p>\t\t\t\t\t\t\t\t<\/div>\n\t\t\t\t<\/div>\n\t\t\t\t<\/div>\n\t\t\t\t<\/div>\n\t\t\t\t<\/div>\n\t\t<div class=\"elementor-element elementor-element-e0ccc31 e-con-full e-flex e-con e-parent\" data-id=\"e0ccc31\" data-element_type=\"container\" data-e-type=\"container\" data-settings=\"{&quot;background_background&quot;:&quot;classic&quot;}\">\n\t\t\t\t<div class=\"elementor-element elementor-element-b557740 elementor-widget__width-initial elementor-widget elementor-widget-heading\" data-id=\"b557740\" data-element_type=\"widget\" data-e-type=\"widget\" data-widget_type=\"heading.default\">\n\t\t\t\t\t<h1 class=\"elementor-heading-title elementor-size-default\">Nezn\u00e1te optim\u00e1ln\u00ed \u0159e\u0161en\u00ed pro svou pot\u0159ebu?<\/h1>\t\t\t\t<\/div>\n\t\t\t\t<div class=\"elementor-element elementor-element-324be86 elementor-widget__width-initial elementor-widget elementor-widget-text-editor\" data-id=\"324be86\" data-element_type=\"widget\" data-e-type=\"widget\" data-widget_type=\"text-editor.default\">\n\t\t\t\t\t\t\t\t\t<p>Kontaktujte n\u00e1s a my V\u00e1m porad\u00edme.<\/p>\t\t\t\t\t\t\t\t<\/div>\n\t\t\t\t<div class=\"elementor-element elementor-element-d8dad9e elementor-widget elementor-widget-spacer\" data-id=\"d8dad9e\" data-element_type=\"widget\" data-e-type=\"widget\" data-widget_type=\"spacer.default\">\n\t\t\t\t\t\t\t<div class=\"elementor-spacer\">\n\t\t\t<div class=\"elementor-spacer-inner\"><\/div>\n\t\t<\/div>\n\t\t\t\t\t\t<\/div>\n\t\t\t\t<div class=\"elementor-element elementor-element-ecc03a8 elementor-widget elementor-widget-button\" data-id=\"ecc03a8\" data-element_type=\"widget\" data-e-type=\"widget\" data-widget_type=\"button.default\">\n\t\t\t\t\t\t\t\t\t\t<a class=\"elementor-button elementor-button-link elementor-size-sm\" href=\"http:\/\/fluidengineering.cz\/kontakt\/\">\n\t\t\t\t\t\t<span class=\"elementor-button-content-wrapper\">\n\t\t\t\t\t\t\t\t\t<span class=\"elementor-button-text\">kontakt<\/span>\n\t\t\t\t\t<\/span>\n\t\t\t\t\t<\/a>\n\t\t\t\t\t\t\t\t<\/div>\n\t\t\t\t<\/div>\n\t\t\t\t<\/div>\n\t\t","protected":false},"excerpt":{"rendered":"<p>Automatick\u00fd filtr U\u017e \u017e\u00e1dn\u00e9 manu\u00e1ln\u00ed \u010di\u0161t\u011bn\u00ed a odst\u00e1vky! Z\u00edskejte spolehlivost a nep\u0159etr\u017eit\u00fd provoz s automatick\u00fdmi filtry, kter\u00e9 se \u010dist\u00ed samy \u2013 zp\u011btn\u00fdm proplachem, bez nutnosti z\u00e1sahu obsluhy. realizace: Z\u00e1kazn\u00edk ORLEN m\u00edsto Praha Referen\u010dn\u00ed list Z\u00e1kazn\u00edk ORLEN m\u00edsto Praha Referen\u010dn\u00ed list Spolehlivosti a \u00daspory 100% Automatizace \u010ci\u0161t\u011bn\u00ed zp\u011btn\u00fdm proplachem prob\u00edh\u00e1 pln\u011b automaticky a bez z\u00e1sahu obsluhy, [&hellip;]<\/p>\n","protected":false},"author":1,"featured_media":0,"parent":0,"menu_order":0,"comment_status":"closed","ping_status":"closed","template":"elementor_header_footer","meta":{"footnotes":""},"class_list":["post-478","page","type-page","status-publish","hentry"],"_links":{"self":[{"href":"https:\/\/fluidengineering.cz\/pl\/wp-json\/wp\/v2\/pages\/478","targetHints":{"allow":["GET"]}}],"collection":[{"href":"https:\/\/fluidengineering.cz\/pl\/wp-json\/wp\/v2\/pages"}],"about":[{"href":"https:\/\/fluidengineering.cz\/pl\/wp-json\/wp\/v2\/types\/page"}],"author":[{"embeddable":true,"href":"https:\/\/fluidengineering.cz\/pl\/wp-json\/wp\/v2\/users\/1"}],"replies":[{"embeddable":true,"href":"https:\/\/fluidengineering.cz\/pl\/wp-json\/wp\/v2\/comments?post=478"}],"version-history":[{"count":70,"href":"https:\/\/fluidengineering.cz\/pl\/wp-json\/wp\/v2\/pages\/478\/revisions"}],"predecessor-version":[{"id":941,"href":"https:\/\/fluidengineering.cz\/pl\/wp-json\/wp\/v2\/pages\/478\/revisions\/941"}],"wp:attachment":[{"href":"https:\/\/fluidengineering.cz\/pl\/wp-json\/wp\/v2\/media?parent=478"}],"curies":[{"name":"wp","href":"https:\/\/api.w.org\/{rel}","templated":true}]}}