{"id":608,"date":"2026-03-04T09:26:01","date_gmt":"2026-03-04T09:26:01","guid":{"rendered":"http:\/\/fluidengineering.cz\/?page_id=608"},"modified":"2026-04-03T07:39:37","modified_gmt":"2026-04-03T07:39:37","slug":"vysokotlaky-ostrik-okuji","status":"publish","type":"page","link":"https:\/\/fluidengineering.cz\/pl\/vysokotlaky-ostrik-okuji\/","title":{"rendered":"Wysokoci\u015bnieniowe usuwanie zendry"},"content":{"rendered":"\t\t<div data-elementor-type=\"wp-page\" data-elementor-id=\"608\" class=\"elementor elementor-608\" data-elementor-post-type=\"page\">\n\t\t\t\t<div class=\"elementor-element elementor-element-3e1410e e-con-full e-flex e-con e-parent\" data-id=\"3e1410e\" data-element_type=\"container\" data-e-type=\"container\" data-settings=\"{&quot;background_background&quot;:&quot;classic&quot;}\">\n\t\t<div class=\"elementor-element elementor-element-ae94b68 e-con-full e-flex e-con e-child\" data-id=\"ae94b68\" data-element_type=\"container\" data-e-type=\"container\">\n\t\t<div class=\"elementor-element elementor-element-e9710b5 e-con-full e-flex e-con e-child\" data-id=\"e9710b5\" data-element_type=\"container\" data-e-type=\"container\">\n\t\t\t\t<div class=\"elementor-element elementor-element-2c775a2 elementor-widget__width-initial elementor-widget elementor-widget-heading\" data-id=\"2c775a2\" data-element_type=\"widget\" data-e-type=\"widget\" data-widget_type=\"heading.default\">\n\t\t\t\t\t<h1 class=\"elementor-heading-title elementor-size-default\">Vysokotlak\u00fd ost\u0159ik okuj\u00ed<\/h1>\t\t\t\t<\/div>\n\t\t\t\t<div class=\"elementor-element elementor-element-9dd650f elementor-widget elementor-widget-text-editor\" data-id=\"9dd650f\" data-element_type=\"widget\" data-e-type=\"widget\" data-widget_type=\"text-editor.default\">\n\t\t\t\t\t\t\t\t\t<p>Ost\u0159ik prim\u00e1rn\u00edch i sekund\u00e1rn\u00edch okuj\u00ed, vysoko pracovn\u00ed tlaky (a\u017e PN400), ost\u0159ik cel\u00e9ho polotovaru i redukovan\u00e9 ost\u0159iky na konkr\u00e9tn\u00ed plochy<\/p>\t\t\t\t\t\t\t\t<\/div>\n\t\t\t\t<div class=\"elementor-element elementor-element-157b514 elementor-widget__width-auto elementor-widget-tablet__width-initial elementor-widget elementor-widget-heading\" data-id=\"157b514\" data-element_type=\"widget\" data-e-type=\"widget\" data-widget_type=\"heading.default\">\n\t\t\t\t\t<h3 class=\"elementor-heading-title elementor-size-default\">realizace:<\/h3>\t\t\t\t<\/div>\n\t\t\t\t<div class=\"elementor-element elementor-element-1bf2bf4 elementor-pagination-type-bullets elementor-pagination-position-outside elementor-widget elementor-widget-n-carousel\" data-id=\"1bf2bf4\" data-element_type=\"widget\" data-e-type=\"widget\" data-settings=\"{&quot;carousel_items&quot;:[{&quot;slide_title&quot;:&quot;Slide #1&quot;,&quot;_id&quot;:&quot;15df691&quot;},{&quot;slide_title&quot;:&quot;Slide #1&quot;,&quot;_id&quot;:&quot;e29dbbe&quot;},{&quot;slide_title&quot;:&quot;Slide #1&quot;,&quot;_id&quot;:&quot;5ee87bf&quot;}],&quot;slides_to_show&quot;:&quot;1&quot;,&quot;slides_to_show_tablet&quot;:&quot;1&quot;,&quot;slides_to_show_mobile&quot;:&quot;1&quot;,&quot;autoplay&quot;:&quot;yes&quot;,&quot;autoplay_speed&quot;:5000,&quot;pause_on_hover&quot;:&quot;yes&quot;,&quot;pause_on_interaction&quot;:&quot;yes&quot;,&quot;infinite&quot;:&quot;yes&quot;,&quot;speed&quot;:500,&quot;offset_sides&quot;:&quot;none&quot;,&quot;pagination&quot;:&quot;bullets&quot;,&quot;image_spacing_custom&quot;:{&quot;unit&quot;:&quot;px&quot;,&quot;size&quot;:10,&quot;sizes&quot;:[]},&quot;image_spacing_custom_tablet&quot;:{&quot;unit&quot;:&quot;px&quot;,&quot;size&quot;:&quot;&quot;,&quot;sizes&quot;:[]},&quot;image_spacing_custom_mobile&quot;:{&quot;unit&quot;:&quot;px&quot;,&quot;size&quot;:&quot;&quot;,&quot;sizes&quot;:[]}}\" data-widget_type=\"nested-carousel.default\">\n\t\t\t\t\t\t\t<div class=\"e-n-carousel swiper\" role=\"region\" aria-roledescription=\"carousel\" aria-label=\"Carousel\" dir=\"ltr\">\n\t\t\t<div class=\"swiper-wrapper\" aria-live=\"off\">\n\t\t\t\t\t\t\t\t\t\t<div class=\"swiper-slide\" data-slide=\"1\" role=\"group\" aria-roledescription=\"slide\" aria-label=\"1 z 3\">\n\t\t\t\t\t\t\t<div class=\"elementor-element elementor-element-b46f4b5 e-flex e-con-boxed e-con e-child\" data-id=\"b46f4b5\" data-element_type=\"container\" data-e-type=\"container\">\n\t\t\t\t\t<div class=\"e-con-inner\">\n\t\t<div class=\"elementor-element elementor-element-fa8162b e-con-full e-flex e-con e-child\" data-id=\"fa8162b\" data-element_type=\"container\" data-e-type=\"container\" data-settings=\"{&quot;background_background&quot;:&quot;classic&quot;}\">\n\t\t<div class=\"elementor-element elementor-element-120ec08 e-con-full e-flex e-con e-child\" data-id=\"120ec08\" data-element_type=\"container\" data-e-type=\"container\">\n\t\t\t\t<div class=\"elementor-element elementor-element-44d121a elementor-widget elementor-widget-heading\" data-id=\"44d121a\" data-element_type=\"widget\" data-e-type=\"widget\" data-widget_type=\"heading.default\">\n\t\t\t\t\t<h3 class=\"elementor-heading-title elementor-size-default\">Z\u00e1kazn\u00edk<\/h3>\t\t\t\t<\/div>\n\t\t\t\t<div class=\"elementor-element elementor-element-aee1baf elementor-widget elementor-widget-heading\" data-id=\"aee1baf\" data-element_type=\"widget\" data-e-type=\"widget\" data-widget_type=\"heading.default\">\n\t\t\t\t\t<h3 class=\"elementor-heading-title elementor-size-default\">Liberty Ostrava a.s.<\/h3>\t\t\t\t<\/div>\n\t\t\t\t<div class=\"elementor-element elementor-element-69de626 elementor-widget elementor-widget-heading\" data-id=\"69de626\" data-element_type=\"widget\" data-e-type=\"widget\" data-widget_type=\"heading.default\">\n\t\t\t\t\t<h3 class=\"elementor-heading-title elementor-size-default\">m\u00edsto<\/h3>\t\t\t\t<\/div>\n\t\t\t\t<div class=\"elementor-element elementor-element-2b12bb2 elementor-widget elementor-widget-heading\" data-id=\"2b12bb2\" data-element_type=\"widget\" data-e-type=\"widget\" data-widget_type=\"heading.default\">\n\t\t\t\t\t<h3 class=\"elementor-heading-title elementor-size-default\">Ostrava<\/h3>\t\t\t\t<\/div>\n\t\t\t\t<div class=\"elementor-element elementor-element-a5fa24a elementor-widget elementor-widget-button\" data-id=\"a5fa24a\" data-element_type=\"widget\" data-e-type=\"widget\" data-widget_type=\"button.default\">\n\t\t\t\t\t\t\t\t\t\t<a class=\"elementor-button elementor-button-link elementor-size-sm\" href=\"http:\/\/fluidengineering.cz\/wp-content\/uploads\/2026\/03\/referencni-list-ostrik-okuji.pdf\">\n\t\t\t\t\t\t<span class=\"elementor-button-content-wrapper\">\n\t\t\t\t\t\t\t\t\t<span class=\"elementor-button-text\">Referen\u010dn\u00ed list<\/span>\n\t\t\t\t\t<\/span>\n\t\t\t\t\t<\/a>\n\t\t\t\t\t\t\t\t<\/div>\n\t\t\t\t<\/div>\n\t\t<div class=\"elementor-element elementor-element-2d197e6 e-con-full e-flex e-con e-child\" data-id=\"2d197e6\" data-element_type=\"container\" data-e-type=\"container\" data-settings=\"{&quot;background_background&quot;:&quot;classic&quot;}\">\n\t\t\t\t<div class=\"elementor-element elementor-element-128cc44 elementor-widget elementor-widget-spacer\" data-id=\"128cc44\" data-element_type=\"widget\" data-e-type=\"widget\" data-widget_type=\"spacer.default\">\n\t\t\t\t\t\t\t<div class=\"elementor-spacer\">\n\t\t\t<div class=\"elementor-spacer-inner\"><\/div>\n\t\t<\/div>\n\t\t\t\t\t\t<\/div>\n\t\t\t\t<\/div>\n\t\t\t\t<\/div>\n\t\t\t\t\t<\/div>\n\t\t\t\t<\/div>\n\t\t\t\t\t\t\t\t<\/div>\n\t\t\t\t\t\t\t\t\t\t\t<div class=\"swiper-slide\" data-slide=\"2\" role=\"group\" aria-roledescription=\"slide\" aria-label=\"2 z 3\">\n\t\t\t\t\t\t\t<div class=\"elementor-element elementor-element-b15329b e-flex e-con-boxed e-con e-child\" data-id=\"b15329b\" data-element_type=\"container\" data-e-type=\"container\">\n\t\t\t\t\t<div class=\"e-con-inner\">\n\t\t<div class=\"elementor-element elementor-element-dc55269 e-con-full e-flex e-con e-child\" data-id=\"dc55269\" data-element_type=\"container\" data-e-type=\"container\" data-settings=\"{&quot;background_background&quot;:&quot;classic&quot;}\">\n\t\t<div class=\"elementor-element elementor-element-7c4effe e-con-full e-flex e-con e-child\" data-id=\"7c4effe\" data-element_type=\"container\" data-e-type=\"container\">\n\t\t\t\t<div class=\"elementor-element elementor-element-6d33501 elementor-widget elementor-widget-heading\" data-id=\"6d33501\" data-element_type=\"widget\" data-e-type=\"widget\" data-widget_type=\"heading.default\">\n\t\t\t\t\t<h3 class=\"elementor-heading-title elementor-size-default\">Z\u00e1kazn\u00edk<\/h3>\t\t\t\t<\/div>\n\t\t\t\t<div class=\"elementor-element elementor-element-3a2fd9e elementor-widget elementor-widget-heading\" data-id=\"3a2fd9e\" data-element_type=\"widget\" data-e-type=\"widget\" data-widget_type=\"heading.default\">\n\t\t\t\t\t<h3 class=\"elementor-heading-title elementor-size-default\">ArcelorMittal Ostrava a.s.<\/h3>\t\t\t\t<\/div>\n\t\t\t\t<div class=\"elementor-element elementor-element-07e126f elementor-widget elementor-widget-heading\" data-id=\"07e126f\" data-element_type=\"widget\" data-e-type=\"widget\" data-widget_type=\"heading.default\">\n\t\t\t\t\t<h3 class=\"elementor-heading-title elementor-size-default\">M\u00edsto<\/h3>\t\t\t\t<\/div>\n\t\t\t\t<div class=\"elementor-element elementor-element-a6da197 elementor-widget elementor-widget-heading\" data-id=\"a6da197\" data-element_type=\"widget\" data-e-type=\"widget\" data-widget_type=\"heading.default\">\n\t\t\t\t\t<h3 class=\"elementor-heading-title elementor-size-default\">Ostrava<\/h3>\t\t\t\t<\/div>\n\t\t\t\t<div class=\"elementor-element elementor-element-17d59be elementor-widget elementor-widget-text-editor\" data-id=\"17d59be\" data-element_type=\"widget\" data-e-type=\"widget\" data-widget_type=\"text-editor.default\">\n\t\t\t\t\t\t\t\t\t<p>Dopln\u011bn\u00ed 3. \u010derpadla prim\u00e1rn\u00edho ost\u0159iku St\u0159edojemn\u00e9 v\u00e1lcovny.<\/p>\t\t\t\t\t\t\t\t<\/div>\n\t\t\t\t<\/div>\n\t\t<div class=\"elementor-element elementor-element-e9a2d6a e-con-full e-flex e-con e-child\" data-id=\"e9a2d6a\" data-element_type=\"container\" data-e-type=\"container\" data-settings=\"{&quot;background_background&quot;:&quot;classic&quot;}\">\n\t\t\t\t<div class=\"elementor-element elementor-element-552d0ef elementor-widget elementor-widget-spacer\" data-id=\"552d0ef\" data-element_type=\"widget\" data-e-type=\"widget\" data-widget_type=\"spacer.default\">\n\t\t\t\t\t\t\t<div class=\"elementor-spacer\">\n\t\t\t<div class=\"elementor-spacer-inner\"><\/div>\n\t\t<\/div>\n\t\t\t\t\t\t<\/div>\n\t\t\t\t<\/div>\n\t\t\t\t<\/div>\n\t\t\t\t\t<\/div>\n\t\t\t\t<\/div>\n\t\t\t\t\t\t\t\t<\/div>\n\t\t\t\t\t\t\t\t\t\t\t<div class=\"swiper-slide\" data-slide=\"3\" role=\"group\" aria-roledescription=\"slide\" aria-label=\"3 z 3\">\n\t\t\t\t\t\t\t<div class=\"elementor-element elementor-element-6ac8ae3 e-flex e-con-boxed e-con e-child\" data-id=\"6ac8ae3\" data-element_type=\"container\" data-e-type=\"container\">\n\t\t\t\t\t<div class=\"e-con-inner\">\n\t\t<div class=\"elementor-element elementor-element-2a3fa8c e-con-full e-flex e-con e-child\" data-id=\"2a3fa8c\" data-element_type=\"container\" data-e-type=\"container\" data-settings=\"{&quot;background_background&quot;:&quot;classic&quot;}\">\n\t\t<div class=\"elementor-element elementor-element-9729186 e-con-full e-flex e-con e-child\" data-id=\"9729186\" data-element_type=\"container\" data-e-type=\"container\">\n\t\t\t\t<div class=\"elementor-element elementor-element-b460e58 elementor-widget elementor-widget-heading\" data-id=\"b460e58\" data-element_type=\"widget\" data-e-type=\"widget\" data-widget_type=\"heading.default\">\n\t\t\t\t\t<h3 class=\"elementor-heading-title elementor-size-default\">Z\u00e1kazn\u00edk<\/h3>\t\t\t\t<\/div>\n\t\t\t\t<div class=\"elementor-element elementor-element-6957529 elementor-widget elementor-widget-heading\" data-id=\"6957529\" data-element_type=\"widget\" data-e-type=\"widget\" data-widget_type=\"heading.default\">\n\t\t\t\t\t<h3 class=\"elementor-heading-title elementor-size-default\">CZECH PRECISION FORGE, a.s.<\/h3>\t\t\t\t<\/div>\n\t\t\t\t<div class=\"elementor-element elementor-element-111f535 elementor-widget elementor-widget-heading\" data-id=\"111f535\" data-element_type=\"widget\" data-e-type=\"widget\" data-widget_type=\"heading.default\">\n\t\t\t\t\t<h3 class=\"elementor-heading-title elementor-size-default\">M\u00edsto<\/h3>\t\t\t\t<\/div>\n\t\t\t\t<div class=\"elementor-element elementor-element-8e92b5b elementor-widget elementor-widget-heading\" data-id=\"8e92b5b\" data-element_type=\"widget\" data-e-type=\"widget\" data-widget_type=\"heading.default\">\n\t\t\t\t\t<h3 class=\"elementor-heading-title elementor-size-default\">Plze\u0148<\/h3>\t\t\t\t<\/div>\n\t\t\t\t<\/div>\n\t\t<div class=\"elementor-element elementor-element-c69c981 e-con-full e-flex e-con e-child\" data-id=\"c69c981\" data-element_type=\"container\" data-e-type=\"container\">\n\t\t\t\t<div class=\"elementor-element elementor-element-57c1ae0 elementor-widget elementor-widget-text-editor\" data-id=\"57c1ae0\" data-element_type=\"widget\" data-e-type=\"widget\" data-widget_type=\"text-editor.default\">\n\t\t\t\t\t\t\t\t\t<p>Vysokotlak\u00fd ost\u0159ik okuj\u00ed ze dvou protilehl\u00fdch stran polotovaru. Technologie je navr\u017eena v koncepci 1+0 bez z\u00e1lo\u017en\u00edho syst\u00e9mu a pracuje s tlakovou t\u0159\u00eddou VT \u010d\u00e1sti PN250. \u010cinn\u00fd p\u0159\u00edkon technologie p\u0159i samotn\u00e9m ost\u0159iku dosahuje 145 kW.<\/p>\t\t\t\t\t\t\t\t<\/div>\n\t\t\t\t<\/div>\n\t\t<div class=\"elementor-element elementor-element-9b27adc e-con-full e-flex e-con e-child\" data-id=\"9b27adc\" data-element_type=\"container\" data-e-type=\"container\" data-settings=\"{&quot;background_background&quot;:&quot;classic&quot;}\">\n\t\t\t\t<div class=\"elementor-element elementor-element-4e2bc13 elementor-widget elementor-widget-spacer\" data-id=\"4e2bc13\" data-element_type=\"widget\" data-e-type=\"widget\" data-widget_type=\"spacer.default\">\n\t\t\t\t\t\t\t<div class=\"elementor-spacer\">\n\t\t\t<div class=\"elementor-spacer-inner\"><\/div>\n\t\t<\/div>\n\t\t\t\t\t\t<\/div>\n\t\t\t\t<\/div>\n\t\t\t\t<\/div>\n\t\t\t\t\t<\/div>\n\t\t\t\t<\/div>\n\t\t\t\t\t\t\t\t<\/div>\n\t\t\t\t\t\t\t\t<\/div>\n\t\t<\/div>\n\t\t\t\t\t<div class=\"swiper-pagination\"><\/div>\n\t\t\t\t\t\t<\/div>\n\t\t\t\t<\/div>\n\t\t<div class=\"elementor-element elementor-element-7fe1d0c e-con-full e-flex e-con e-child\" data-id=\"7fe1d0c\" data-element_type=\"container\" data-e-type=\"container\">\n\t\t\t\t<div class=\"elementor-element elementor-element-83921c2 elementor-widget elementor-widget-image\" data-id=\"83921c2\" data-element_type=\"widget\" data-e-type=\"widget\" data-widget_type=\"image.default\">\n\t\t\t\t\t\t\t\t\t\t\t\t\t\t\t<img fetchpriority=\"high\" decoding=\"async\" width=\"800\" height=\"800\" src=\"https:\/\/fluidengineering.cz\/wp-content\/uploads\/2026\/03\/33-2.png\" class=\"attachment-large size-large wp-image-235\" alt=\"\" srcset=\"https:\/\/fluidengineering.cz\/wp-content\/uploads\/2026\/03\/33-2.png 800w, https:\/\/fluidengineering.cz\/wp-content\/uploads\/2026\/03\/33-2-300x300.png 300w, https:\/\/fluidengineering.cz\/wp-content\/uploads\/2026\/03\/33-2-150x150.png 150w, https:\/\/fluidengineering.cz\/wp-content\/uploads\/2026\/03\/33-2-768x768.png 768w\" sizes=\"(max-width: 800px) 100vw, 800px\" \/>\t\t\t\t\t\t\t\t\t\t\t\t\t\t\t<\/div>\n\t\t\t\t<\/div>\n\t\t\t\t<\/div>\n\t\t\t\t<\/div>\n\t\t<div class=\"elementor-element elementor-element-0586e35 e-con-full e-flex e-con e-parent\" data-id=\"0586e35\" data-element_type=\"container\" data-e-type=\"container\">\n\t\t\t\t<div class=\"elementor-element elementor-element-e5e6f88 elementor-widget elementor-widget-heading\" data-id=\"e5e6f88\" data-element_type=\"widget\" data-e-type=\"widget\" data-widget_type=\"heading.default\">\n\t\t\t\t\t<h3 class=\"elementor-heading-title elementor-size-default\">Spolehlivosti a \u00daspory<\/h3>\t\t\t\t<\/div>\n\t\t<div class=\"elementor-element elementor-element-ce712e4 e-con-full e-flex e-con e-child\" data-id=\"ce712e4\" data-element_type=\"container\" data-e-type=\"container\">\n\t\t<div class=\"elementor-element elementor-element-fbdd7d9 e-grid e-con-full e-con e-child\" data-id=\"fbdd7d9\" data-element_type=\"container\" data-e-type=\"container\">\n\t\t<div class=\"elementor-element elementor-element-7756d75 e-con-full e-flex e-con e-child\" data-id=\"7756d75\" data-element_type=\"container\" data-e-type=\"container\">\n\t\t\t\t<div class=\"elementor-element elementor-element-10f09cd elementor-widget__width-auto elementor-widget elementor-widget-heading\" data-id=\"10f09cd\" data-element_type=\"widget\" data-e-type=\"widget\" data-widget_type=\"heading.default\">\n\t\t\t\t\t<h3 class=\"elementor-heading-title elementor-size-default\">Ost\u0159ik okuj\u00ed<\/h3>\t\t\t\t<\/div>\n\t\t\t\t<div class=\"elementor-element elementor-element-c3511d6 elementor-widget elementor-widget-text-editor\" data-id=\"c3511d6\" data-element_type=\"widget\" data-e-type=\"widget\" data-widget_type=\"text-editor.default\">\n\t\t\t\t\t\t\t\t\t<p>Vysokotlak\u00e9 ost\u0159iky okuj\u00ed slou\u017e\u00ed k \u00fa\u010dinn\u00e9mu odstran\u011bn\u00ed okuj\u00ed z povrchu \u017ehav\u00e9ho kovov\u00e9ho polotovaru, kter\u00e9 vznikaj\u00ed p\u0159i oh\u0159evu v peci i b\u011bhem n\u00e1sledn\u00e9ho p\u0159etv\u00e1\u0159en\u00ed za tepla.<\/p>\t\t\t\t\t\t\t\t<\/div>\n\t\t\t\t<\/div>\n\t\t<div class=\"elementor-element elementor-element-ce3d12c e-con-full e-flex e-con e-child\" data-id=\"ce3d12c\" data-element_type=\"container\" data-e-type=\"container\">\n\t\t\t\t<div class=\"elementor-element elementor-element-05312ed elementor-widget__width-auto elementor-widget elementor-widget-heading\" data-id=\"05312ed\" data-element_type=\"widget\" data-e-type=\"widget\" data-widget_type=\"heading.default\">\n\t\t\t\t\t<h3 class=\"elementor-heading-title elementor-size-default\">Povrch oceli<\/h3>\t\t\t\t<\/div>\n\t\t\t\t<div class=\"elementor-element elementor-element-b0856cf elementor-widget elementor-widget-text-editor\" data-id=\"b0856cf\" data-element_type=\"widget\" data-e-type=\"widget\" data-widget_type=\"text-editor.default\">\n\t\t\t\t\t\t\t\t\t<p>Navrhujeme vhodn\u00e9 parametry ost\u0159iku pro r\u016fzn\u00e9 typy ocel\u00ed a v\u00e1lcovac\u00ed programy, p\u0159ipravujeme technick\u00e9 \u0159e\u0161en\u00ed technologie a zaji\u0161\u0165ujeme dynamick\u00e9 posouzen\u00ed v\u010detn\u011b dod\u00e1vky tlumi\u010d\u016f plun\u017erov\u00fdch \u010derpadel.<\/p>\t\t\t\t\t\t\t\t<\/div>\n\t\t\t\t<\/div>\n\t\t<div class=\"elementor-element elementor-element-de375b5 e-con-full e-flex e-con e-child\" data-id=\"de375b5\" data-element_type=\"container\" data-e-type=\"container\">\n\t\t\t\t<div class=\"elementor-element elementor-element-a1aada9 elementor-widget__width-auto elementor-widget elementor-widget-heading\" data-id=\"a1aada9\" data-element_type=\"widget\" data-e-type=\"widget\" data-widget_type=\"heading.default\">\n\t\t\t\t\t<h3 class=\"elementor-heading-title elementor-size-default\">Technologie v\u00e1lcoven<\/h3>\t\t\t\t<\/div>\n\t\t\t\t<div class=\"elementor-element elementor-element-da1d182 elementor-widget elementor-widget-text-editor\" data-id=\"da1d182\" data-element_type=\"widget\" data-e-type=\"widget\" data-widget_type=\"text-editor.default\">\n\t\t\t\t\t\t\t\t\t<p>Sou\u010d\u00e1st\u00ed \u0159e\u0161en\u00ed je tak\u00e9 aplikace skokov\u00e9, bezr\u00e1zov\u00e9 a bezeztr\u00e1tov\u00e9 zm\u011bny pr\u016ftoku plun\u017erov\u00fdch \u010derpadel, kter\u00e1 umo\u017e\u0148uje stabiln\u00ed a efektivn\u00ed provoz technologie ost\u0159iku.<\/p>\t\t\t\t\t\t\t\t<\/div>\n\t\t\t\t<\/div>\n\t\t<div class=\"elementor-element elementor-element-796fce6 e-con-full e-flex e-con e-child\" data-id=\"796fce6\" data-element_type=\"container\" data-e-type=\"container\">\n\t\t\t\t<div class=\"elementor-element elementor-element-6cc5185 elementor-widget__width-auto elementor-widget elementor-widget-heading\" data-id=\"6cc5185\" data-element_type=\"widget\" data-e-type=\"widget\" data-widget_type=\"heading.default\">\n\t\t\t\t\t<h3 class=\"elementor-heading-title elementor-size-default\">Modernizace ost\u0159iku<\/h3>\t\t\t\t<\/div>\n\t\t\t\t<div class=\"elementor-element elementor-element-779a253 elementor-widget elementor-widget-text-editor\" data-id=\"779a253\" data-element_type=\"widget\" data-e-type=\"widget\" data-widget_type=\"text-editor.default\">\n\t\t\t\t\t\t\t\t\t<p>Technologie navrhujeme a realizujeme formou dod\u00e1vky na kl\u00ed\u010d, v\u010detn\u011b rekonstrukc\u00ed a modernizac\u00ed st\u00e1vaj\u00edc\u00edch za\u0159\u00edzen\u00ed a napojen\u00ed na automatizovan\u00fd syst\u00e9m \u0159\u00edzen\u00ed v\u00e1lcovac\u00ed trat\u011b.<\/p>\t\t\t\t\t\t\t\t<\/div>\n\t\t\t\t<\/div>\n\t\t<div class=\"elementor-element elementor-element-afa82ad e-con-full e-flex e-con e-child\" data-id=\"afa82ad\" data-element_type=\"container\" data-e-type=\"container\">\n\t\t\t\t<div class=\"elementor-element elementor-element-e5ae89e elementor-widget__width-auto elementor-widget elementor-widget-heading\" data-id=\"e5ae89e\" data-element_type=\"widget\" data-e-type=\"widget\" data-widget_type=\"heading.default\">\n\t\t\t\t\t<h3 class=\"elementor-heading-title elementor-size-default\">Kvalita v\u00fdvalk\u016f<\/h3>\t\t\t\t<\/div>\n\t\t\t\t<div class=\"elementor-element elementor-element-785a858 elementor-widget elementor-widget-text-editor\" data-id=\"785a858\" data-element_type=\"widget\" data-e-type=\"widget\" data-widget_type=\"text-editor.default\">\n\t\t\t\t\t\t\t\t\t<p>Modernizace zahrnuje anal\u00fdzu sou\u010dasn\u00e9ho stavu, dynamick\u00e9 i parametrov\u00e9 posouzen\u00ed technologie, n\u00e1vrh variant \u0159e\u0161en\u00ed a realizaci \u00faprav nebo cel\u00e9ho investi\u010dn\u00edho celku s c\u00edlem maximalizovat p\u0159\u00ednos pro provozovatele.<\/p>\t\t\t\t\t\t\t\t<\/div>\n\t\t\t\t<\/div>\n\t\t\t\t<\/div>\n\t\t\t\t<\/div>\n\t\t\t\t<\/div>\n\t\t<div class=\"elementor-element elementor-element-c93b744 e-con-full e-flex e-con e-parent\" data-id=\"c93b744\" data-element_type=\"container\" data-e-type=\"container\" data-settings=\"{&quot;background_background&quot;:&quot;classic&quot;}\">\n\t\t\t\t<div class=\"elementor-element elementor-element-4916479 elementor-widget__width-initial elementor-widget elementor-widget-heading\" data-id=\"4916479\" data-element_type=\"widget\" data-e-type=\"widget\" data-widget_type=\"heading.default\">\n\t\t\t\t\t<h1 class=\"elementor-heading-title elementor-size-default\">Nezn\u00e1te optim\u00e1ln\u00ed \u0159e\u0161en\u00ed pro svou pot\u0159ebu?<\/h1>\t\t\t\t<\/div>\n\t\t\t\t<div class=\"elementor-element elementor-element-f60f26d elementor-widget__width-initial elementor-widget elementor-widget-text-editor\" data-id=\"f60f26d\" data-element_type=\"widget\" data-e-type=\"widget\" data-widget_type=\"text-editor.default\">\n\t\t\t\t\t\t\t\t\t<p>Kontaktujte n\u00e1s a my V\u00e1m porad\u00edme.<\/p>\t\t\t\t\t\t\t\t<\/div>\n\t\t\t\t<div class=\"elementor-element elementor-element-419b26c elementor-widget elementor-widget-spacer\" data-id=\"419b26c\" data-element_type=\"widget\" data-e-type=\"widget\" data-widget_type=\"spacer.default\">\n\t\t\t\t\t\t\t<div class=\"elementor-spacer\">\n\t\t\t<div class=\"elementor-spacer-inner\"><\/div>\n\t\t<\/div>\n\t\t\t\t\t\t<\/div>\n\t\t\t\t<div class=\"elementor-element elementor-element-ea9bb9b elementor-widget elementor-widget-button\" data-id=\"ea9bb9b\" data-element_type=\"widget\" data-e-type=\"widget\" data-widget_type=\"button.default\">\n\t\t\t\t\t\t\t\t\t\t<a class=\"elementor-button elementor-button-link elementor-size-sm\" href=\"http:\/\/fluidengineering.cz\/kontakt\/\">\n\t\t\t\t\t\t<span class=\"elementor-button-content-wrapper\">\n\t\t\t\t\t\t\t\t\t<span class=\"elementor-button-text\">kontakt<\/span>\n\t\t\t\t\t<\/span>\n\t\t\t\t\t<\/a>\n\t\t\t\t\t\t\t\t<\/div>\n\t\t\t\t<\/div>\n\t\t\t\t<\/div>\n\t\t","protected":false},"excerpt":{"rendered":"<p>Vysokotlak\u00fd ost\u0159ik okuj\u00ed Ost\u0159ik prim\u00e1rn\u00edch i sekund\u00e1rn\u00edch okuj\u00ed, vysoko pracovn\u00ed tlaky (a\u017e PN400), ost\u0159ik cel\u00e9ho polotovaru i redukovan\u00e9 ost\u0159iky na konkr\u00e9tn\u00ed plochy realizace: Z\u00e1kazn\u00edk Liberty Ostrava a.s. m\u00edsto Ostrava Referen\u010dn\u00ed list Z\u00e1kazn\u00edk ArcelorMittal Ostrava a.s. M\u00edsto Ostrava Dopln\u011bn\u00ed 3.&nbsp;\u010derpadla prim\u00e1rn\u00edho ost\u0159iku St\u0159edojemn\u00e9 v\u00e1lcovny. Z\u00e1kazn\u00edk CZECH PRECISION FORGE, a.s. M\u00edsto Plze\u0148 Vysokotlak\u00fd ost\u0159ik okuj\u00ed ze dvou [&hellip;]<\/p>\n","protected":false},"author":1,"featured_media":0,"parent":0,"menu_order":0,"comment_status":"closed","ping_status":"closed","template":"elementor_header_footer","meta":{"footnotes":""},"class_list":["post-608","page","type-page","status-publish","hentry"],"_links":{"self":[{"href":"https:\/\/fluidengineering.cz\/pl\/wp-json\/wp\/v2\/pages\/608","targetHints":{"allow":["GET"]}}],"collection":[{"href":"https:\/\/fluidengineering.cz\/pl\/wp-json\/wp\/v2\/pages"}],"about":[{"href":"https:\/\/fluidengineering.cz\/pl\/wp-json\/wp\/v2\/types\/page"}],"author":[{"embeddable":true,"href":"https:\/\/fluidengineering.cz\/pl\/wp-json\/wp\/v2\/users\/1"}],"replies":[{"embeddable":true,"href":"https:\/\/fluidengineering.cz\/pl\/wp-json\/wp\/v2\/comments?post=608"}],"version-history":[{"count":85,"href":"https:\/\/fluidengineering.cz\/pl\/wp-json\/wp\/v2\/pages\/608\/revisions"}],"predecessor-version":[{"id":1000,"href":"https:\/\/fluidengineering.cz\/pl\/wp-json\/wp\/v2\/pages\/608\/revisions\/1000"}],"wp:attachment":[{"href":"https:\/\/fluidengineering.cz\/pl\/wp-json\/wp\/v2\/media?parent=608"}],"curies":[{"name":"wp","href":"https:\/\/api.w.org\/{rel}","templated":true}]}}