{"id":626,"date":"2026-03-04T09:31:23","date_gmt":"2026-03-04T09:31:23","guid":{"rendered":"http:\/\/fluidengineering.cz\/?page_id=626"},"modified":"2026-03-26T13:03:33","modified_gmt":"2026-03-26T13:03:33","slug":"tlakovaci-zarizeni","status":"publish","type":"page","link":"https:\/\/fluidengineering.cz\/pl\/tlakovaci-zarizeni\/","title":{"rendered":"Urz\u0105dzenie do prasowania"},"content":{"rendered":"\t\t<div data-elementor-type=\"wp-page\" data-elementor-id=\"626\" class=\"elementor elementor-626\" data-elementor-post-type=\"page\">\n\t\t\t\t<div class=\"elementor-element elementor-element-cfd1661 e-con-full e-flex e-con e-parent\" data-id=\"cfd1661\" data-element_type=\"container\" data-e-type=\"container\" data-settings=\"{&quot;background_background&quot;:&quot;classic&quot;}\">\n\t\t<div class=\"elementor-element elementor-element-e9fddcb e-con-full e-flex e-con e-child\" data-id=\"e9fddcb\" data-element_type=\"container\" data-e-type=\"container\">\n\t\t<div class=\"elementor-element elementor-element-a4e1426 e-con-full e-flex e-con e-child\" data-id=\"a4e1426\" data-element_type=\"container\" data-e-type=\"container\">\n\t\t\t\t<div class=\"elementor-element elementor-element-f5fef6b elementor-widget__width-initial elementor-widget elementor-widget-heading\" data-id=\"f5fef6b\" data-element_type=\"widget\" data-e-type=\"widget\" data-widget_type=\"heading.default\">\n\t\t\t\t\t<h1 class=\"elementor-heading-title elementor-size-default\">Tlakovac\u00ed za\u0159\u00edzen\u00ed<\/h1>\t\t\t\t<\/div>\n\t\t\t\t<div class=\"elementor-element elementor-element-3c7c7a6 elementor-widget elementor-widget-text-editor\" data-id=\"3c7c7a6\" data-element_type=\"widget\" data-e-type=\"widget\" data-widget_type=\"text-editor.default\">\n\t\t\t\t\t\t\t\t\t<p>Tlakovac\u00ed za\u0159\u00edzen\u00ed se vyu\u017e\u00edvaj\u00ed k prov\u00e1d\u011bn\u00ed tlakov\u00fdch zkou\u0161ek vodn\u00edm p\u0159etlakem podle p\u0159\u00edslu\u0161n\u00fdch p\u0159edpis\u016f dle z\u00e1kazn\u00edkem po\u017eadovan\u00e9 legislativy (\u010cSN, DIN, API, ASTM, atd.)<\/p>\t\t\t\t\t\t\t\t<\/div>\n\t\t\t\t<div class=\"elementor-element elementor-element-3590b01 elementor-widget__width-auto elementor-widget-tablet__width-initial elementor-widget elementor-widget-heading\" data-id=\"3590b01\" data-element_type=\"widget\" data-e-type=\"widget\" data-widget_type=\"heading.default\">\n\t\t\t\t\t<h3 class=\"elementor-heading-title elementor-size-default\">REFERENCE:<\/h3>\t\t\t\t<\/div>\n\t\t\t\t<div class=\"elementor-element elementor-element-05d9e1d elementor-pagination-type-bullets elementor-pagination-position-outside elementor-widget elementor-widget-n-carousel\" data-id=\"05d9e1d\" data-element_type=\"widget\" data-e-type=\"widget\" data-settings=\"{&quot;carousel_items&quot;:[{&quot;slide_title&quot;:&quot;Slide #1&quot;,&quot;_id&quot;:&quot;15df691&quot;}],&quot;slides_to_show&quot;:&quot;1&quot;,&quot;slides_to_show_tablet&quot;:&quot;1&quot;,&quot;slides_to_show_mobile&quot;:&quot;1&quot;,&quot;autoplay&quot;:&quot;yes&quot;,&quot;autoplay_speed&quot;:5000,&quot;pause_on_hover&quot;:&quot;yes&quot;,&quot;pause_on_interaction&quot;:&quot;yes&quot;,&quot;infinite&quot;:&quot;yes&quot;,&quot;speed&quot;:500,&quot;offset_sides&quot;:&quot;none&quot;,&quot;pagination&quot;:&quot;bullets&quot;,&quot;image_spacing_custom&quot;:{&quot;unit&quot;:&quot;px&quot;,&quot;size&quot;:10,&quot;sizes&quot;:[]},&quot;image_spacing_custom_tablet&quot;:{&quot;unit&quot;:&quot;px&quot;,&quot;size&quot;:&quot;&quot;,&quot;sizes&quot;:[]},&quot;image_spacing_custom_mobile&quot;:{&quot;unit&quot;:&quot;px&quot;,&quot;size&quot;:&quot;&quot;,&quot;sizes&quot;:[]}}\" data-widget_type=\"nested-carousel.default\">\n\t\t\t\t\t\t\t<div class=\"e-n-carousel swiper\" role=\"region\" aria-roledescription=\"carousel\" aria-label=\"Carousel\" dir=\"ltr\">\n\t\t\t<div class=\"swiper-wrapper\" aria-live=\"off\">\n\t\t\t\t\t\t\t\t\t\t<div class=\"swiper-slide\" data-slide=\"1\" role=\"group\" aria-roledescription=\"slide\" aria-label=\"1 of 1\">\n\t\t\t\t\t\t\t<div class=\"elementor-element elementor-element-baa1cbe e-flex e-con-boxed e-con e-child\" data-id=\"baa1cbe\" data-element_type=\"container\" data-e-type=\"container\">\n\t\t\t\t\t<div class=\"e-con-inner\">\n\t\t<div class=\"elementor-element elementor-element-3076771 e-con-full e-flex e-con e-child\" data-id=\"3076771\" data-element_type=\"container\" data-e-type=\"container\" data-settings=\"{&quot;background_background&quot;:&quot;classic&quot;}\">\n\t\t<div class=\"elementor-element elementor-element-e3c4bad e-con-full e-flex e-con e-child\" data-id=\"e3c4bad\" data-element_type=\"container\" data-e-type=\"container\">\n\t\t\t\t<div class=\"elementor-element elementor-element-0944894 elementor-widget elementor-widget-heading\" data-id=\"0944894\" data-element_type=\"widget\" data-e-type=\"widget\" data-widget_type=\"heading.default\">\n\t\t\t\t\t<h3 class=\"elementor-heading-title elementor-size-default\">Z\u00e1kazn\u00edk<\/h3>\t\t\t\t<\/div>\n\t\t\t\t<div class=\"elementor-element elementor-element-bfc91ca elementor-widget elementor-widget-heading\" data-id=\"bfc91ca\" data-element_type=\"widget\" data-e-type=\"widget\" data-widget_type=\"heading.default\">\n\t\t\t\t\t<h3 class=\"elementor-heading-title elementor-size-default\">\u0160KODA JS, a.s.<\/h3>\t\t\t\t<\/div>\n\t\t\t\t<div class=\"elementor-element elementor-element-fb5aba7 elementor-widget elementor-widget-heading\" data-id=\"fb5aba7\" data-element_type=\"widget\" data-e-type=\"widget\" data-widget_type=\"heading.default\">\n\t\t\t\t\t<h3 class=\"elementor-heading-title elementor-size-default\">m\u00edsto<\/h3>\t\t\t\t<\/div>\n\t\t\t\t<div class=\"elementor-element elementor-element-adac471 elementor-widget elementor-widget-heading\" data-id=\"adac471\" data-element_type=\"widget\" data-e-type=\"widget\" data-widget_type=\"heading.default\">\n\t\t\t\t\t<h3 class=\"elementor-heading-title elementor-size-default\">Plze\u0148<\/h3>\t\t\t\t<\/div>\n\t\t\t\t<\/div>\n\t\t<div class=\"elementor-element elementor-element-6771f0c e-con-full e-flex e-con e-child\" data-id=\"6771f0c\" data-element_type=\"container\" data-e-type=\"container\" data-settings=\"{&quot;background_background&quot;:&quot;classic&quot;}\">\n\t\t\t\t<div class=\"elementor-element elementor-element-d00cf21 elementor-widget elementor-widget-text-editor\" data-id=\"d00cf21\" data-element_type=\"widget\" data-e-type=\"widget\" data-widget_type=\"text-editor.default\">\n\t\t\t\t\t\t\t\t\t<p>Tlakovac\u00ed za\u0159\u00edzen\u00ed pro tlakovou zkou\u0161ku pouzdra pohonu do 25 MPa. Za\u0159\u00edzen\u00ed pracuje s maxim\u00e1ln\u00edm provozn\u00edm tlakem 25,7 MPa a zku\u0161ebn\u00ed tlak je udr\u017eov\u00e1n po dobu 10 minut. V pr\u016fb\u011bhu zkou\u0161ky je tlak \u0159\u00edzen s p\u0159esnost\u00ed v rozsahu &lt;0; 1,18&gt; MPa, p\u0159i\u010dem\u017e syst\u00e9m zaji\u0161\u0165uje \u0159\u00edzen\u00fd n\u00e1r\u016fst i \u0159\u00edzen\u00fd pokles tlaku.<\/p>\t\t\t\t\t\t\t\t<\/div>\n\t\t\t\t<\/div>\n\t\t\t\t<\/div>\n\t\t\t\t\t<\/div>\n\t\t\t\t<\/div>\n\t\t\t\t\t\t\t\t<\/div>\n\t\t\t\t\t\t\t\t<\/div>\n\t\t<\/div>\n\t\t\t\t\t\t<\/div>\n\t\t\t\t<\/div>\n\t\t<div class=\"elementor-element elementor-element-010fabe e-con-full e-flex e-con e-child\" data-id=\"010fabe\" data-element_type=\"container\" data-e-type=\"container\">\n\t\t\t\t<div class=\"elementor-element elementor-element-3eb1c7c elementor-widget elementor-widget-image\" data-id=\"3eb1c7c\" data-element_type=\"widget\" data-e-type=\"widget\" data-widget_type=\"image.default\">\n\t\t\t\t\t\t\t\t\t\t\t\t\t\t\t<img fetchpriority=\"high\" decoding=\"async\" width=\"800\" height=\"800\" src=\"https:\/\/fluidengineering.cz\/wp-content\/uploads\/2026\/03\/44-1.png\" class=\"attachment-large size-large wp-image-242\" alt=\"\" srcset=\"https:\/\/fluidengineering.cz\/wp-content\/uploads\/2026\/03\/44-1.png 800w, https:\/\/fluidengineering.cz\/wp-content\/uploads\/2026\/03\/44-1-300x300.png 300w, https:\/\/fluidengineering.cz\/wp-content\/uploads\/2026\/03\/44-1-150x150.png 150w, https:\/\/fluidengineering.cz\/wp-content\/uploads\/2026\/03\/44-1-768x768.png 768w\" sizes=\"(max-width: 800px) 100vw, 800px\" \/>\t\t\t\t\t\t\t\t\t\t\t\t\t\t\t<\/div>\n\t\t\t\t<\/div>\n\t\t\t\t<\/div>\n\t\t\t\t<\/div>\n\t\t<div class=\"elementor-element elementor-element-2254015 e-con-full e-flex e-con e-parent\" data-id=\"2254015\" data-element_type=\"container\" data-e-type=\"container\">\n\t\t\t\t<div class=\"elementor-element elementor-element-c109f15 elementor-widget elementor-widget-heading\" data-id=\"c109f15\" data-element_type=\"widget\" data-e-type=\"widget\" data-widget_type=\"heading.default\">\n\t\t\t\t\t<h3 class=\"elementor-heading-title elementor-size-default\">Spolehlivosti a \u00daspory<\/h3>\t\t\t\t<\/div>\n\t\t<div class=\"elementor-element elementor-element-6f178f6 e-con-full e-flex e-con e-child\" data-id=\"6f178f6\" data-element_type=\"container\" data-e-type=\"container\">\n\t\t<div class=\"elementor-element elementor-element-66f5ec5 e-grid e-con-full e-con e-child\" data-id=\"66f5ec5\" data-element_type=\"container\" data-e-type=\"container\">\n\t\t<div class=\"elementor-element elementor-element-9a56324 e-con-full e-flex e-con e-child\" data-id=\"9a56324\" data-element_type=\"container\" data-e-type=\"container\">\n\t\t\t\t<div class=\"elementor-element elementor-element-f35bdb8 elementor-widget__width-auto elementor-widget elementor-widget-heading\" data-id=\"f35bdb8\" data-element_type=\"widget\" data-e-type=\"widget\" data-widget_type=\"heading.default\">\n\t\t\t\t\t<h3 class=\"elementor-heading-title elementor-size-default\">Tlakov\u00e9 zkou\u0161ky<\/h3>\t\t\t\t<\/div>\n\t\t\t\t<div class=\"elementor-element elementor-element-8fca6d4 elementor-widget elementor-widget-text-editor\" data-id=\"8fca6d4\" data-element_type=\"widget\" data-e-type=\"widget\" data-widget_type=\"text-editor.default\">\n\t\t\t\t\t\t\t\t\t<p>Tlakovac\u00ed stanice dod\u00e1v\u00e1me ve stabiln\u00edm i mobiln\u00edm proveden\u00ed a umo\u017e\u0148uj\u00ed automatick\u00e9, poloautomatick\u00e9 i ru\u010dn\u00ed prov\u00e1d\u011bn\u00ed tlakov\u00fdch zkou\u0161ek p\u0159i pracovn\u00edch tlac\u00edch a\u017e do PN1000.<\/p>\t\t\t\t\t\t\t\t<\/div>\n\t\t\t\t<\/div>\n\t\t<div class=\"elementor-element elementor-element-c3fc2f2 e-con-full e-flex e-con e-child\" data-id=\"c3fc2f2\" data-element_type=\"container\" data-e-type=\"container\">\n\t\t\t\t<div class=\"elementor-element elementor-element-f859a78 elementor-widget__width-auto elementor-widget elementor-widget-heading\" data-id=\"f859a78\" data-element_type=\"widget\" data-e-type=\"widget\" data-widget_type=\"heading.default\">\n\t\t\t\t\t<h3 class=\"elementor-heading-title elementor-size-default\">Tlakovac\u00ed stanice<\/h3>\t\t\t\t<\/div>\n\t\t\t\t<div class=\"elementor-element elementor-element-cd7c372 elementor-widget elementor-widget-text-editor\" data-id=\"cd7c372\" data-element_type=\"widget\" data-e-type=\"widget\" data-widget_type=\"text-editor.default\">\n\t\t\t\t\t\t\t\t\t<p>V\u00fdstupn\u00ed hodnoty z tlakov\u00fdch zkou\u0161ek mohou b\u00fdt zobrazov\u00e1ny na displeji, ukl\u00e1d\u00e1ny do z\u00e1znamov\u00e9ho za\u0159\u00edzen\u00ed nebo p\u0159ed\u00e1v\u00e1ny do nad\u0159azen\u00e9ho \u0159\u00eddic\u00edho syst\u00e9mu, p\u0159i\u010dem\u017e sn\u00edma\u010d a cel\u00fd m\u011b\u0159ic\u00ed \u0159et\u011bzec je kalibrov\u00e1n pro p\u0159esn\u00e9 m\u011b\u0159en\u00ed.<\/p>\t\t\t\t\t\t\t\t<\/div>\n\t\t\t\t<\/div>\n\t\t<div class=\"elementor-element elementor-element-c0c5121 e-con-full e-flex e-con e-child\" data-id=\"c0c5121\" data-element_type=\"container\" data-e-type=\"container\">\n\t\t\t\t<div class=\"elementor-element elementor-element-4e25965 elementor-widget__width-auto elementor-widget elementor-widget-heading\" data-id=\"4e25965\" data-element_type=\"widget\" data-e-type=\"widget\" data-widget_type=\"heading.default\">\n\t\t\t\t\t<h3 class=\"elementor-heading-title elementor-size-default\">\u0158\u00edzen\u00ed tlaku<\/h3>\t\t\t\t<\/div>\n\t\t\t\t<div class=\"elementor-element elementor-element-1b23ccf elementor-widget elementor-widget-text-editor\" data-id=\"1b23ccf\" data-element_type=\"widget\" data-e-type=\"widget\" data-widget_type=\"text-editor.default\">\n\t\t\t\t\t\t\t\t\t<p>Nov\u00e9 tlakovac\u00ed stanice navrhujeme a dod\u00e1v\u00e1me formou \u0159e\u0161en\u00ed na kl\u00ed\u010d, v\u010detn\u011b technick\u00e9ho n\u00e1vrhu, \u0159\u00edzen\u00e9ho pr\u016fb\u011bhu tlakov\u00e9 zkou\u0161ky s kontrolovan\u00fdm n\u00e1r\u016fstem, v\u00fddr\u017e\u00ed i poklesem tlaku a \u0159e\u0161en\u00ed komfortu obsluhy podle po\u017eadavk\u016f z\u00e1kazn\u00edka.<\/p>\t\t\t\t\t\t\t\t<\/div>\n\t\t\t\t<\/div>\n\t\t<div class=\"elementor-element elementor-element-768242d e-con-full e-flex e-con e-child\" data-id=\"768242d\" data-element_type=\"container\" data-e-type=\"container\">\n\t\t\t\t<div class=\"elementor-element elementor-element-b337299 elementor-widget__width-auto elementor-widget elementor-widget-heading\" data-id=\"b337299\" data-element_type=\"widget\" data-e-type=\"widget\" data-widget_type=\"heading.default\">\n\t\t\t\t\t<h3 class=\"elementor-heading-title elementor-size-default\">Modernizace stanic<\/h3>\t\t\t\t<\/div>\n\t\t\t\t<div class=\"elementor-element elementor-element-ee549b5 elementor-widget elementor-widget-text-editor\" data-id=\"ee549b5\" data-element_type=\"widget\" data-e-type=\"widget\" data-widget_type=\"text-editor.default\">\n\t\t\t\t\t\t\t\t\t<p>Realizace zahrnuje stavebn\u00ed, strojn\u00ed a elektro \u010d\u00e1st, m\u011b\u0159en\u00ed a regulaci, \u0159\u00eddic\u00ed a vizualiza\u010dn\u00ed software, kompletn\u00ed projektovou dokumentaci pro prov\u00e1d\u011bn\u00ed stavby i dokumentaci skute\u010dn\u00e9ho proveden\u00ed v\u010detn\u011b atest\u016f a osv\u011bd\u010den\u00ed jakosti jednotliv\u00fdch komponent i celku.<\/p>\t\t\t\t\t\t\t\t<\/div>\n\t\t\t\t<\/div>\n\t\t<div class=\"elementor-element elementor-element-1c9695b e-con-full e-flex e-con e-child\" data-id=\"1c9695b\" data-element_type=\"container\" data-e-type=\"container\">\n\t\t\t\t<div class=\"elementor-element elementor-element-7fae586 elementor-widget__width-auto elementor-widget elementor-widget-heading\" data-id=\"7fae586\" data-element_type=\"widget\" data-e-type=\"widget\" data-widget_type=\"heading.default\">\n\t\t\t\t\t<h3 class=\"elementor-heading-title elementor-size-default\">Kompletn\u00ed dod\u00e1vka<\/h3>\t\t\t\t<\/div>\n\t\t\t\t<div class=\"elementor-element elementor-element-67de13f elementor-widget elementor-widget-text-editor\" data-id=\"67de13f\" data-element_type=\"widget\" data-e-type=\"widget\" data-widget_type=\"text-editor.default\">\n\t\t\t\t\t\t\t\t\t<p>Sou\u010d\u00e1st\u00ed slu\u017eeb je tak\u00e9 modernizace a rekonstrukce st\u00e1vaj\u00edc\u00edch tlakov\u00fdch stanic, kter\u00e1 zahrnuje variantn\u00ed n\u00e1vrhy technick\u00fdch \u00faprav, zv\u00fd\u0161en\u00ed komfortu obsluhy a \u0159\u00edzen\u00ed, aktualizaci \u0159\u00eddic\u00edho a vizualiza\u010dn\u00edho softwaru, periodick\u00e9 kalibrace m\u011b\u0159ic\u00edho \u0159et\u011bzce a realizaci d\u00edl\u010d\u00edch zm\u011bn, repas\u00ed nebo cel\u00fdch investi\u010dn\u00edch celk\u016f.<\/p>\t\t\t\t\t\t\t\t<\/div>\n\t\t\t\t<\/div>\n\t\t\t\t<\/div>\n\t\t\t\t<\/div>\n\t\t\t\t<\/div>\n\t\t<div class=\"elementor-element elementor-element-822932c e-con-full e-flex e-con e-parent\" data-id=\"822932c\" data-element_type=\"container\" data-e-type=\"container\" data-settings=\"{&quot;background_background&quot;:&quot;classic&quot;}\">\n\t\t\t\t<div class=\"elementor-element elementor-element-84e4b44 elementor-widget__width-initial elementor-widget elementor-widget-heading\" data-id=\"84e4b44\" data-element_type=\"widget\" data-e-type=\"widget\" data-widget_type=\"heading.default\">\n\t\t\t\t\t<h1 class=\"elementor-heading-title elementor-size-default\">Nezn\u00e1te optim\u00e1ln\u00ed \u0159e\u0161en\u00ed pro svou pot\u0159ebu?<\/h1>\t\t\t\t<\/div>\n\t\t\t\t<div class=\"elementor-element elementor-element-c161ea7 elementor-widget__width-initial elementor-widget elementor-widget-text-editor\" data-id=\"c161ea7\" data-element_type=\"widget\" data-e-type=\"widget\" data-widget_type=\"text-editor.default\">\n\t\t\t\t\t\t\t\t\t<p>Kontaktujte n\u00e1s a my V\u00e1m porad\u00edme.<\/p>\t\t\t\t\t\t\t\t<\/div>\n\t\t\t\t<div class=\"elementor-element elementor-element-90655ea elementor-widget elementor-widget-spacer\" data-id=\"90655ea\" data-element_type=\"widget\" data-e-type=\"widget\" data-widget_type=\"spacer.default\">\n\t\t\t\t\t\t\t<div class=\"elementor-spacer\">\n\t\t\t<div class=\"elementor-spacer-inner\"><\/div>\n\t\t<\/div>\n\t\t\t\t\t\t<\/div>\n\t\t\t\t<div class=\"elementor-element elementor-element-b8fb9a6 elementor-widget elementor-widget-button\" data-id=\"b8fb9a6\" data-element_type=\"widget\" data-e-type=\"widget\" data-widget_type=\"button.default\">\n\t\t\t\t\t\t\t\t\t\t<a class=\"elementor-button elementor-button-link elementor-size-sm\" href=\"http:\/\/fluidengineering.cz\/kontakt\/\">\n\t\t\t\t\t\t<span class=\"elementor-button-content-wrapper\">\n\t\t\t\t\t\t\t\t\t<span class=\"elementor-button-text\">kontakt<\/span>\n\t\t\t\t\t<\/span>\n\t\t\t\t\t<\/a>\n\t\t\t\t\t\t\t\t<\/div>\n\t\t\t\t<\/div>\n\t\t\t\t<\/div>\n\t\t","protected":false},"excerpt":{"rendered":"<p>Tlakovac\u00ed za\u0159\u00edzen\u00ed Tlakovac\u00ed za\u0159\u00edzen\u00ed se vyu\u017e\u00edvaj\u00ed k prov\u00e1d\u011bn\u00ed tlakov\u00fdch zkou\u0161ek vodn\u00edm p\u0159etlakem podle p\u0159\u00edslu\u0161n\u00fdch p\u0159edpis\u016f dle z\u00e1kazn\u00edkem po\u017eadovan\u00e9 legislativy (\u010cSN, DIN, API, ASTM, atd.) REFERENCE: Z\u00e1kazn\u00edk \u0160KODA JS, a.s. m\u00edsto Plze\u0148 Tlakovac\u00ed za\u0159\u00edzen\u00ed pro tlakovou zkou\u0161ku pouzdra pohonu do 25 MPa. Za\u0159\u00edzen\u00ed pracuje s&nbsp;maxim\u00e1ln\u00edm provozn\u00edm tlakem 25,7 MPa a&nbsp;zku\u0161ebn\u00ed tlak je udr\u017eov\u00e1n po dobu 10 [&hellip;]<\/p>\n","protected":false},"author":1,"featured_media":0,"parent":0,"menu_order":0,"comment_status":"closed","ping_status":"closed","template":"elementor_header_footer","meta":{"footnotes":""},"class_list":["post-626","page","type-page","status-publish","hentry"],"_links":{"self":[{"href":"https:\/\/fluidengineering.cz\/pl\/wp-json\/wp\/v2\/pages\/626","targetHints":{"allow":["GET"]}}],"collection":[{"href":"https:\/\/fluidengineering.cz\/pl\/wp-json\/wp\/v2\/pages"}],"about":[{"href":"https:\/\/fluidengineering.cz\/pl\/wp-json\/wp\/v2\/types\/page"}],"author":[{"embeddable":true,"href":"https:\/\/fluidengineering.cz\/pl\/wp-json\/wp\/v2\/users\/1"}],"replies":[{"embeddable":true,"href":"https:\/\/fluidengineering.cz\/pl\/wp-json\/wp\/v2\/comments?post=626"}],"version-history":[{"count":19,"href":"https:\/\/fluidengineering.cz\/pl\/wp-json\/wp\/v2\/pages\/626\/revisions"}],"predecessor-version":[{"id":871,"href":"https:\/\/fluidengineering.cz\/pl\/wp-json\/wp\/v2\/pages\/626\/revisions\/871"}],"wp:attachment":[{"href":"https:\/\/fluidengineering.cz\/pl\/wp-json\/wp\/v2\/media?parent=626"}],"curies":[{"name":"wp","href":"https:\/\/api.w.org\/{rel}","templated":true}]}}