{"id":779,"date":"2026-03-11T11:25:43","date_gmt":"2026-03-11T11:25:43","guid":{"rendered":"http:\/\/fluidengineering.cz\/?page_id=779"},"modified":"2026-04-03T07:40:04","modified_gmt":"2026-04-03T07:40:04","slug":"dvoupistove-cerpadlo-na-smes","status":"publish","type":"page","link":"https:\/\/fluidengineering.cz\/pl\/dvoupistove-cerpadlo-na-smes\/","title":{"rendered":"Dwut\u0142okowa pompa do mieszanki"},"content":{"rendered":"<div data-elementor-type=\"wp-page\" data-elementor-id=\"779\" class=\"elementor elementor-779\" data-elementor-post-type=\"page\">\n\t\t\t\t<div class=\"elementor-element elementor-element-9bc904e e-con-full e-flex e-con e-parent\" data-id=\"9bc904e\" data-element_type=\"container\" data-e-type=\"container\" data-settings=\"{&quot;background_background&quot;:&quot;classic&quot;}\">\n\t\t<div class=\"elementor-element elementor-element-6854e26 e-con-full e-flex e-con e-child\" data-id=\"6854e26\" data-element_type=\"container\" data-e-type=\"container\">\n\t\t<div class=\"elementor-element elementor-element-9858129 e-con-full e-flex e-con e-child\" data-id=\"9858129\" data-element_type=\"container\" data-e-type=\"container\">\n\t\t\t\t<div class=\"elementor-element elementor-element-207cee2 elementor-widget__width-initial elementor-widget elementor-widget-heading\" data-id=\"207cee2\" data-element_type=\"widget\" data-e-type=\"widget\" data-widget_type=\"heading.default\">\n\t\t\t\t\t<h1 class=\"elementor-heading-title elementor-size-default\">Dwut\u0142okowa pompa do mieszanki<\/h1>\t\t\t\t<\/div>\n\t\t\t\t<div class=\"elementor-element elementor-element-45f17a7 elementor-widget elementor-widget-text-editor\" data-id=\"45f17a7\" data-element_type=\"widget\" data-e-type=\"widget\" data-widget_type=\"text-editor.default\">\n\t\t\t\t\t\t\t\t\t<p>Dwut\u0142okowa pompa szlamowa SPP przekszta\u0142ca energi\u0119 ci\u015bnienia czystej cieczy w energi\u0119 ci\u015bnienia osadu, umo\u017cliwiaj\u0105c niezawodne t\u0142oczenie \u015bciernych mieszanin. Technologia zosta\u0142a zaprojektowana do pracy ci\u0105g\u0142ej, bez pulsacji, i radzi sobie z pompowaniem mieszanin z cz\u0105stkami do 50 mm przy wysokich ci\u015bnieniach.<\/p>\t\t\t\t\t\t\t\t<\/div>\n\t\t\t\t<\/div>\n\t\t<div class=\"elementor-element elementor-element-29bd63d e-con-full e-flex e-con e-child\" data-id=\"29bd63d\" data-element_type=\"container\" data-e-type=\"container\">\n\t\t\t\t<div class=\"elementor-element elementor-element-27ce1fb elementor-widget elementor-widget-image\" data-id=\"27ce1fb\" data-element_type=\"widget\" data-e-type=\"widget\" data-widget_type=\"image.default\">\n\t\t\t\t\t\t\t\t\t\t\t\t\t\t\t<img fetchpriority=\"high\" decoding=\"async\" width=\"800\" height=\"800\" src=\"https:\/\/fluidengineering.cz\/wp-content\/uploads\/2026\/03\/2222-1.png\" class=\"attachment-large size-large wp-image-786\" alt=\"\" srcset=\"https:\/\/fluidengineering.cz\/wp-content\/uploads\/2026\/03\/2222-1.png 800w, https:\/\/fluidengineering.cz\/wp-content\/uploads\/2026\/03\/2222-1-300x300.png 300w, https:\/\/fluidengineering.cz\/wp-content\/uploads\/2026\/03\/2222-1-150x150.png 150w, https:\/\/fluidengineering.cz\/wp-content\/uploads\/2026\/03\/2222-1-768x768.png 768w\" sizes=\"(max-width: 800px) 100vw, 800px\" \/>\t\t\t\t\t\t\t\t\t\t\t\t\t\t\t<\/div>\n\t\t\t\t<\/div>\n\t\t\t\t<\/div>\n\t\t\t\t<\/div>\n\t\t<div class=\"elementor-element elementor-element-9f0a150 e-con-full e-flex e-con e-parent\" data-id=\"9f0a150\" data-element_type=\"container\" data-e-type=\"container\">\n\t\t\t\t<div class=\"elementor-element elementor-element-d843e10 elementor-widget elementor-widget-heading\" data-id=\"d843e10\" data-element_type=\"widget\" data-e-type=\"widget\" data-widget_type=\"heading.default\">\n\t\t\t\t\t<h3 class=\"elementor-heading-title elementor-size-default\">Niezawodno\u015b\u0107 i Oszcz\u0119dno\u015b\u0107<\/h3>\t\t\t\t<\/div>\n\t\t<div class=\"elementor-element elementor-element-7e136a7 e-con-full e-flex e-con e-child\" data-id=\"7e136a7\" data-element_type=\"container\" data-e-type=\"container\">\n\t\t<div class=\"elementor-element elementor-element-54efd16 e-grid e-con-full e-con e-child\" data-id=\"54efd16\" data-element_type=\"container\" data-e-type=\"container\">\n\t\t<div class=\"elementor-element elementor-element-77c8c8c e-con-full e-flex e-con e-child\" data-id=\"77c8c8c\" data-element_type=\"container\" data-e-type=\"container\">\n\t\t\t\t<div class=\"elementor-element elementor-element-c93eb4b elementor-widget__width-auto elementor-widget elementor-widget-heading\" data-id=\"c93eb4b\" data-element_type=\"widget\" data-e-type=\"widget\" data-widget_type=\"heading.default\">\n\t\t\t\t\t<h3 class=\"elementor-heading-title elementor-size-default\">Z\u00e1sada \u010derp\u00e1n\u00ed<\/h3>\t\t\t\t<\/div>\n\t\t\t\t<div class=\"elementor-element elementor-element-6eafa42 elementor-widget elementor-widget-text-editor\" data-id=\"6eafa42\" data-element_type=\"widget\" data-e-type=\"widget\" data-widget_type=\"text-editor.default\">\n\t\t\t\t\t\t\t\t\t<p>Pompa dzia\u0142a na zasadzie przenoszenia energii ci\u015bnieniowej z czystego p\u0142ynu do mieszanki hydraulicznej. Dzi\u0119ki specjalnym armaturom w\u0142asnej konstrukcji zapewniony jest p\u0142ynny przep\u0142yw bez pulsacji strumienia i stabilna praca hydrauliczna.<\/p>\t\t\t\t\t\t\t\t<\/div>\n\t\t\t\t<\/div>\n\t\t<div class=\"elementor-element elementor-element-8bb6cbc e-con-full e-flex e-con e-child\" data-id=\"8bb6cbc\" data-element_type=\"container\" data-e-type=\"container\">\n\t\t\t\t<div class=\"elementor-element elementor-element-a815470 elementor-widget__width-auto elementor-widget elementor-widget-heading\" data-id=\"a815470\" data-element_type=\"widget\" data-e-type=\"widget\" data-widget_type=\"heading.default\">\n\t\t\t\t\t<h3 class=\"elementor-heading-title elementor-size-default\">Rodzaje pobieranych mieszanin<\/h3>\t\t\t\t<\/div>\n\t\t\t\t<div class=\"elementor-element elementor-element-45a9af1 elementor-widget elementor-widget-text-editor\" data-id=\"45a9af1\" data-element_type=\"widget\" data-e-type=\"widget\" data-widget_type=\"text-editor.default\">\n\t\t\t\t\t\t\t\t\t<p>Urz\u0105dzenie przeznaczone jest do pompowania r\u00f3\u017cnego rodzaju mieszanin hydraulicznych, takich jak mieszaniny piasku, popio\u0142u, rud czy szlam\u00f3w. Konstrukcja umo\u017cliwia transport materia\u0142\u00f3w \u015bciernych o wielko\u015bci cz\u0105stek do 50 mm.<\/p>\t\t\t\t\t\t\t\t<\/div>\n\t\t\t\t<\/div>\n\t\t<div class=\"elementor-element elementor-element-eb47655 e-con-full e-flex e-con e-child\" data-id=\"eb47655\" data-element_type=\"container\" data-e-type=\"container\">\n\t\t\t\t<div class=\"elementor-element elementor-element-6a3b9ba elementor-widget__width-auto elementor-widget elementor-widget-heading\" data-id=\"6a3b9ba\" data-element_type=\"widget\" data-e-type=\"widget\" data-widget_type=\"heading.default\">\n\t\t\t\t\t<h3 class=\"elementor-heading-title elementor-size-default\">Parametry hydrauliczne<\/h3>\t\t\t\t<\/div>\n\t\t\t\t<div class=\"elementor-element elementor-element-cf02409 elementor-widget elementor-widget-text-editor\" data-id=\"cf02409\" data-element_type=\"widget\" data-e-type=\"widget\" data-widget_type=\"text-editor.default\">\n\t\t\t\t\t\t\t\t\t<p>Pompy SPP s\u0105 przeznaczone do przep\u0142yw\u00f3w do 500 m\u00b3\/h i maksymalnego ci\u015bnienia t\u0142oczenia do 30 MPa. Charakterystyka hydrauliczna mo\u017ce by\u0107 dostosowana do konkretnych parametr\u00f3w transportowanej mieszaniny.<\/p>\t\t\t\t\t\t\t\t<\/div>\n\t\t\t\t<\/div>\n\t\t<div class=\"elementor-element elementor-element-293bc17 e-con-full e-flex e-con e-child\" data-id=\"293bc17\" data-element_type=\"container\" data-e-type=\"container\">\n\t\t\t\t<div class=\"elementor-element elementor-element-ab1b7c6 elementor-widget__width-auto elementor-widget elementor-widget-heading\" data-id=\"ab1b7c6\" data-element_type=\"widget\" data-e-type=\"widget\" data-widget_type=\"heading.default\">\n\t\t\t\t\t<h3 class=\"elementor-heading-title elementor-size-default\">Kl\u00ed\u010d a \u0159\u00edzen\u00ed<\/h3>\t\t\t\t<\/div>\n\t\t\t\t<div class=\"elementor-element elementor-element-317bd92 elementor-widget elementor-widget-text-editor\" data-id=\"317bd92\" data-element_type=\"widget\" data-e-type=\"widget\" data-widget_type=\"text-editor.default\">\n\t\t\t\t\t\t\t\t\t<p>Jako \u017ar\u00f3d\u0142o energii mog\u0105 s\u0142u\u017cy\u0107 hydrostatyczne lub hydrodynamiczne pompy spr\u0119\u017caj\u0105ce przeznaczone do pompowania czystej cieczy. Praca jest sterowana za pomoc\u0105 w\u0142asnego systemu PLC z mo\u017cliwo\u015bci\u0105 pod\u0142\u0105czenia do nadrz\u0119dnego sterowania technologi\u0105.<\/p>\t\t\t\t\t\t\t\t<\/div>\n\t\t\t\t<\/div>\n\t\t<div class=\"elementor-element elementor-element-179b2d1 e-con-full e-flex e-con e-child\" data-id=\"179b2d1\" data-element_type=\"container\" data-e-type=\"container\">\n\t\t\t\t<div class=\"elementor-element elementor-element-375d445 elementor-widget__width-auto elementor-widget elementor-widget-heading\" data-id=\"375d445\" data-element_type=\"widget\" data-e-type=\"widget\" data-widget_type=\"heading.default\">\n\t\t\t\t\t<h3 class=\"elementor-heading-title elementor-size-default\">Korzy\u015bci eksploatacyjne i serwisowe<\/h3>\t\t\t\t<\/div>\n\t\t\t\t<div class=\"elementor-element elementor-element-3b3e52c elementor-widget elementor-widget-text-editor\" data-id=\"3b3e52c\" data-element_type=\"widget\" data-e-type=\"widget\" data-widget_type=\"text-editor.default\">\n\t\t\t\t\t\t\t\t\t<p>Konstrukcja jest zoptymalizowana do pompowania silnie \u015bciernych mieszanin z ni\u017cszym zu\u017cyciem eksploatacyjnym ni\u017c w przypadku konwencjonalnych pomp do szlamu. System jednocze\u015bnie umo\u017cliwia \u0142atwy demonta\u017c, czyszczenie i dostarczenie kompletnej technologii hydraulicznego transportu pod klucz.<\/p>\t\t\t\t\t\t\t\t<\/div>\n\t\t\t\t<\/div>\n\t\t\t\t<\/div>\n\t\t\t\t<\/div>\n\t\t\t\t<\/div>\n\t\t<div class=\"elementor-element elementor-element-3bdb4c9 e-con-full e-flex e-con e-parent\" data-id=\"3bdb4c9\" data-element_type=\"container\" data-e-type=\"container\" data-settings=\"{&quot;background_background&quot;:&quot;classic&quot;}\">\n\t\t\t\t<div class=\"elementor-element elementor-element-38c9368 elementor-widget__width-initial elementor-widget elementor-widget-heading\" data-id=\"38c9368\" data-element_type=\"widget\" data-e-type=\"widget\" data-widget_type=\"heading.default\">\n\t\t\t\t\t<h1 class=\"elementor-heading-title elementor-size-default\">Nie znasz optymalnego rozwi\u0105zania dla swojej potrzeby?<\/h1>\t\t\t\t<\/div>\n\t\t\t\t<div class=\"elementor-element elementor-element-b8a09b6 elementor-widget__width-initial elementor-widget elementor-widget-text-editor\" data-id=\"b8a09b6\" data-element_type=\"widget\" data-e-type=\"widget\" data-widget_type=\"text-editor.default\">\n\t\t\t\t\t\t\t\t\t<p>Skontaktuj si\u0119 z nami, a doradzimy Ci.<\/p>\t\t\t\t\t\t\t\t<\/div>\n\t\t\t\t<div class=\"elementor-element elementor-element-165f4bd elementor-widget elementor-widget-spacer\" data-id=\"165f4bd\" data-element_type=\"widget\" data-e-type=\"widget\" data-widget_type=\"spacer.default\">\n\t\t\t\t\t\t\t<div class=\"elementor-spacer\">\n\t\t\t<div class=\"elementor-spacer-inner\"><\/div>\n\t\t<\/div>\n\t\t\t\t\t\t<\/div>\n\t\t\t\t<div class=\"elementor-element elementor-element-3ed933e elementor-widget elementor-widget-button\" data-id=\"3ed933e\" data-element_type=\"widget\" data-e-type=\"widget\" data-widget_type=\"button.default\">\n\t\t\t\t\t\t\t\t\t\t<a class=\"elementor-button elementor-button-link elementor-size-sm\" href=\"http:\/\/fluidengineering.cz\/pl\/kontakt\/\">\n\t\t\t\t\t\t<span class=\"elementor-button-content-wrapper\">\n\t\t\t\t\t\t\t\t\t<span class=\"elementor-button-text\">Kontakt<\/span>\n\t\t\t\t\t<\/span>\n\t\t\t\t\t<\/a>\n\t\t\t\t\t\t\t\t<\/div>\n\t\t\t\t<\/div>\n\t\t\t\t<\/div>","protected":false},"excerpt":{"rendered":"<p>Dvoup\u00edstov\u00e9 \u010derpadlo na sm\u011bs Dvoup\u00edstov\u00e9 kalov\u00e9 \u010derpadlo SPP p\u0159ev\u00e1d\u00ed tlakovou energii \u010dist\u00e9 kapaliny na tlakovou energii hydrosm\u011bsi a umo\u017e\u0148uje spolehlivou dopravu abrazivn\u00edch sm\u011bs\u00ed. Technologie je navr\u017eena pro kontinu\u00e1ln\u00ed provoz bez pulzac\u00ed a zvl\u00e1d\u00e1 \u010derp\u00e1n\u00ed sm\u011bs\u00ed s \u010d\u00e1sticemi a\u017e do 50 mm p\u0159i vysok\u00fdch tlac\u00edch. Spolehlivosti a \u00daspory Princip \u010derp\u00e1n\u00ed \u010cerpadlo pracuje na principu p\u0159enosu tlakov\u00e9 [&hellip;]<\/p>\n","protected":false},"author":1,"featured_media":0,"parent":0,"menu_order":0,"comment_status":"closed","ping_status":"closed","template":"elementor_header_footer","meta":{"footnotes":""},"class_list":["post-779","page","type-page","status-publish","hentry"],"_links":{"self":[{"href":"https:\/\/fluidengineering.cz\/pl\/wp-json\/wp\/v2\/pages\/779","targetHints":{"allow":["GET"]}}],"collection":[{"href":"https:\/\/fluidengineering.cz\/pl\/wp-json\/wp\/v2\/pages"}],"about":[{"href":"https:\/\/fluidengineering.cz\/pl\/wp-json\/wp\/v2\/types\/page"}],"author":[{"embeddable":true,"href":"https:\/\/fluidengineering.cz\/pl\/wp-json\/wp\/v2\/users\/1"}],"replies":[{"embeddable":true,"href":"https:\/\/fluidengineering.cz\/pl\/wp-json\/wp\/v2\/comments?post=779"}],"version-history":[{"count":14,"href":"https:\/\/fluidengineering.cz\/pl\/wp-json\/wp\/v2\/pages\/779\/revisions"}],"predecessor-version":[{"id":1003,"href":"https:\/\/fluidengineering.cz\/pl\/wp-json\/wp\/v2\/pages\/779\/revisions\/1003"}],"wp:attachment":[{"href":"https:\/\/fluidengineering.cz\/pl\/wp-json\/wp\/v2\/media?parent=779"}],"curies":[{"name":"wp","href":"https:\/\/api.w.org\/{rel}","templated":true}]}}